{"id":3144,"date":"2021-01-14T19:15:09","date_gmt":"2021-01-14T18:15:09","guid":{"rendered":"https:\/\/wellstrim.com\/przedstawicielstwo-handlowe\/"},"modified":"2021-01-14T19:15:10","modified_gmt":"2021-01-14T18:15:10","slug":"przedstawicielstwo-handlowe","status":"publish","type":"page","link":"https:\/\/wellstrim.com\/pl\/przedstawicielstwo-handlowe\/","title":{"rendered":"PRZEDSTAWICIELSTWO HANDLOWE"},"content":{"rendered":"\n<div class=\"gb-container gb-container-65632fe9\"><div class=\"gb-inside-container\">\n<div class=\"gb-grid-wrapper gb-grid-wrapper-35a16a77\">\n<div class=\"gb-grid-column gb-grid-column-58e20e84\"><div class=\"gb-container gb-container-58e20e84\"><div class=\"gb-inside-container\">\n<div class=\"gb-grid-wrapper gb-grid-wrapper-8f0ce2eb\">\n<div class=\"gb-grid-column gb-grid-column-dda8af02\"><div class=\"gb-container gb-container-dda8af02\"><div class=\"gb-inside-container\">\n<figure class=\"wp-block-image size-full is-resized\"><img loading=\"lazy\" decoding=\"async\" src=\"https:\/\/wellstrim.com\/wp-content\/uploads\/2020\/10\/trading_service.png\" alt=\"\" class=\"wp-image-2968\" width=\"520\" height=\"527\"\/><\/figure>\n<\/div><\/div><\/div>\n<\/div>\n<\/div><\/div><\/div>\n\n\n\n<div class=\"gb-grid-column gb-grid-column-6bbd563e\"><div class=\"gb-container gb-container-6bbd563e\"><div class=\"gb-inside-container\">\n<div class=\"gb-headline-wrapper gb-headline-wrapper-1d18418b\"><span class=\"gb-icon\"><svg xmlns:xlink=\"http:\/\/www.w3.org\/1999\/xlink\" xmlns=\"http:\/\/www.w3.org\/2000\/svg\" xml:space=\"preserve\" style=\"enable-background:new 0 0 60 4.688;\" viewbox=\"0 0 60 4.688\" y=\"0px\" x=\"0px\" id=\"Capa_1\" version=\"1.1\"> <g> \t<g> \t\t<path d=\"M57.656,0H2.344C1.049,0,0,1.049,0,2.344c0,1.294,1.049,2.344,2.344,2.344h55.312C58.951,4.688,60,3.638,60,2.344 S58.951,0,57.656,0z\"><\/path> \t<\/g> <\/g> <\/svg><\/span><h2 class=\"gb-headline gb-headline-1d18418b\">PRZEDSTAWICIELSTWO HANDLOWE<\/h2><\/div>\n\n\n\n<p>Nasz zesp\u00f3\u0142 dzia\u0142a jako most handlowy pomi\u0119dzy lokalnymi i mi\u0119dzynarodowymi partnerami biznesowymi, pomagaj\u0105c znale\u017a\u0107 nowych klient\u00f3w i rynki. Korzystanie z naszych mi\u0119dzynarodowych po\u015brednik\u00f3w handlowych optymalizuje efektywno\u015b\u0107 finansow\u0105, co prowadzi do znacznych oszcz\u0119dno\u015bci. Nasze us\u0142ugi obejmuj\u0105: zaopatrzenie w produkty, eskort do fabryk, weryfikacj\u0119 dostawc\u00f3w, kontrol\u0119 jako\u015bci towar\u00f3w, dostaw\u0119 towar\u00f3w.<\/p>\n\n\n\n<p>Skontaktuj si\u0119 z nami, aby uzyska\u0107 wi\u0119cej informacji na temat naszych ofert produkt\u00f3w.<\/p>\n\n\n\n<div class=\"gb-button-wrapper gb-button-wrapper-ad288d2b\">\n<a class=\"gb-button gb-button-11bc2534\" href=\"https:\/\/wellstrim.com\/pl\/contacts\/\"><span class=\"button-text\">Skontaktuj si\u0119 z nami<\/span><\/a>\n<\/div>\n<\/div><\/div><\/div>\n<\/div>\n<\/div><\/div>\n\n<p><\/p>\n","protected":false},"excerpt":{"rendered":"","protected":false},"author":1,"featured_media":0,"parent":0,"menu_order":0,"comment_status":"closed","ping_status":"closed","template":"","meta":{"footnotes":""},"class_list":["post-3144","page","type-page","status-publish"],"_links":{"self":[{"href":"https:\/\/wellstrim.com\/pl\/wp-json\/wp\/v2\/pages\/3144","targetHints":{"allow":["GET"]}}],"collection":[{"href":"https:\/\/wellstrim.com\/pl\/wp-json\/wp\/v2\/pages"}],"about":[{"href":"https:\/\/wellstrim.com\/pl\/wp-json\/wp\/v2\/types\/page"}],"author":[{"embeddable":true,"href":"https:\/\/wellstrim.com\/pl\/wp-json\/wp\/v2\/users\/1"}],"replies":[{"embeddable":true,"href":"https:\/\/wellstrim.com\/pl\/wp-json\/wp\/v2\/comments?post=3144"}],"version-history":[{"count":3,"href":"https:\/\/wellstrim.com\/pl\/wp-json\/wp\/v2\/pages\/3144\/revisions"}],"predecessor-version":[{"id":3147,"href":"https:\/\/wellstrim.com\/pl\/wp-json\/wp\/v2\/pages\/3144\/revisions\/3147"}],"wp:attachment":[{"href":"https:\/\/wellstrim.com\/pl\/wp-json\/wp\/v2\/media?parent=3144"}],"curies":[{"name":"wp","href":"https:\/\/api.w.org\/{rel}","templated":true}]}}