{"id":3119,"date":"2021-01-14T19:09:29","date_gmt":"2021-01-14T18:09:29","guid":{"rendered":"https:\/\/wellstrim.com\/zasady-i-warunki\/"},"modified":"2021-01-14T19:12:29","modified_gmt":"2021-01-14T18:12:29","slug":"zasady-i-warunki","status":"publish","type":"page","link":"https:\/\/wellstrim.com\/pl\/zasady-i-warunki\/","title":{"rendered":"ZASADY I WARUNKI"},"content":{"rendered":"\n<div class=\"gb-container gb-container-e164a62d\"><div class=\"gb-inside-container\">\n<h2 class=\"wp-block-heading\">ZASADY I WARUNKI<\/h2>\n\n\n\n<ol class=\"wp-block-list\" type=\"1\"><li>P\u0141ATNO\u015a\u0106 I SK\u0141ADANIE ZAM\u00d3WIE\u0143<br>1.1 O ile nie uzgodniono inaczej na pi\u015bmie, zap\u0142ata za Towar nast\u0119puje w momencie sk\u0142adania zam\u00f3wienia. W przypadku potwierdzonych zam\u00f3wie\u0144 za po\u015brednictwem jednego z naszych agent\u00f3w, p\u0142atno\u015bci dokonuje si\u0119 w nast\u0119puj\u0105cy spos\u00f3b: <br>-50% w ci\u0105gu 7 dni od potwierdzenia zam\u00f3wienia<br>-50% w ci\u0105gu 14 dni od daty dostawy towaru.<br>W przypadku op\u00f3\u017anienia w p\u0142atno\u015bci Kupuj\u0105cy zobowi\u0105zany jest do uiszczenia op\u0142aty administracyjnej w wysoko\u015bci 100 EUR oraz kary w wysoko\u015bci 2% ca\u0142kowitej kwoty zam\u00f3wienia bez VAT<br>za miesi\u0105c.<br>1.2 Wellstrim mo\u017ce w ka\u017cdej chwili odm\u00f3wi\u0107 przyj\u0119cia lub anulowa\u0107 zam\u00f3wienie lub dostaw\u0119 Towaru poprzez pisemne zawiadomienie Kupuj\u0105cego. Wellstrim nie ponosi odpowiedzialno\u015bci za jakiekolwiek straty lub szkody wynikaj\u0105ce z takiego odwo\u0142ania. Tylko wtedy, wed\u0142ug uznania Wellstrim, zostanie rozpatrzona faktura zwrotna i\/lub zwrot pieni\u0119dzy.  <br>1.3 Po wys\u0142aniu zam\u00f3wienia, nie mo\u017ce ono zosta\u0107 anulowane przez Kupuj\u0105cego. Ca\u0142a sprzeda\u017c staje si\u0119 ostateczna. <br>1.4 Wszelkie zmiany w jakimkolwiek zam\u00f3wieniu musz\u0105 by\u0107 uzgodnione na pi\u015bmie. Ca\u0142kowita cena mo\u017ce ulec zmianie w wyniku jakiegokolwiek odchylenia, a Kupuj\u0105cy zobowi\u0105zuje si\u0119 zap\u0142aci\u0107 za ka\u017cd\u0105 podwy\u017ck\u0119. <br>1.5 Nie b\u0119d\u0105 przyznawane \u017cadne zwroty. W stosownych przypadkach zostanie udzielony kredyt, kt\u00f3ry zostanie wykorzystany na przysz\u0142e zam\u00f3wienie lub faktur\u0119. <br>1.6 Prawo w\u0142asno\u015bci na Towar przechodzi na Pa\u0144stwo po ca\u0142kowitej zap\u0142acie ceny zakupu Towaru.<\/li><\/ol>\n\n\n\n<ol class=\"wp-block-list\" type=\"1\" start=\"2\"><li>NALE\u017bNO\u015aCI \/ PODATKI \/ OP\u0141ATY<br>2.1 Wszelka dokumentacja eksportowa i importowa, licencje, c\u0142a, podatki lub inne zobowi\u0105zania lub wydatki zwi\u0105zane z dostaw\u0105 towar\u00f3w le\u017c\u0105<br>w gestii Kupuj\u0105cego.<\/li><\/ol>\n\n\n\n<ol class=\"wp-block-list\" type=\"1\" start=\"3\"><li>SPRZEDA\u017b TOWAR\u00d3W I CENA DETALICZNA ZALECANA PRZEZ PRODUCENTA<br>3.1 Potwierdzaj\u0105 Pa\u0144stwo, \u017ce nabywaj\u0105 Pa\u0144stwo Towar wy\u0142\u0105cznie w celach handlowych lub biznesowych.<br>3.2 Jakakolwiek odsprzeda\u017c produkt\u00f3w Wellstrim na forach publicznych takich jak Amazon.com, Ebay.com jest wyra\u017anie zabroniona. Sprzedawca mo\u017ce, wed\u0142ug w\u0142asnego uznania, okre\u015bli\u0107, na jakich forach publicznych, je\u015bli takie istniej\u0105, Kupuj\u0105cy mo\u017ce odsprzeda\u0107 Towar. <br>3.3 Towar sprzedawany po zalecanej cenie detalicznej (podanej przez<br>Sprzedawc\u0119), chyba \u017ce Towar jest reklamowany jako sprzedawany w ramach promocji lub podobnie.<\/li><\/ol>\n\n\n\n<ol class=\"wp-block-list\" type=\"1\" start=\"4\"><li>DOSTAWA I RYZYKO<br>4.1 Warunki dostawy.<br>Je\u015bli nie uzgodniono inaczej na pi\u015bmie, s\u0105 Pa\u0144stwo odpowiedzialni za koszty transportu Towaru z terenu Wellstrim. Ryzyko zwi\u0105zane z Towarem przechodzi na Pa\u0144stwa w momencie dostarczenia Towaru do przewo\u017anika. S\u0105 Pa\u0144stwo odpowiedzialni za uzyskanie ubezpieczenia Towaru od momentu jego przekazania w miejscu dostawy (do przewo\u017anika).  <br>Promocje bezp\u0142atnej wysy\u0142ki i\/lub kupony rabatowe dla sta\u0142ych klient\u00f3w detalicznych nie dotycz\u0105 zam\u00f3wie\u0144 hurtowych<\/li><\/ol>\n\n\n\n<ol class=\"wp-block-list\" type=\"1\" start=\"5\"><li>ZG\u0141OSZENIE WADY \/ ZWROTU<br>5.1 Kupuj\u0105cy b\u0119dzie zg\u0142asza\u0142 roszczenia z tytu\u0142u wad, w tym mi\u0119dzy innymi wad wynikaj\u0105cych z brak\u00f3w, jako\u015bci lub specyfikacji, w ci\u0105gu pierwszych 7 dni po otrzymaniu Towaru. Sprzedawca nie ponosi odpowiedzialno\u015bci za braki, je\u015bli Towar zostanie wys\u0142any do osoby trzeciej. Kupuj\u0105cy jest odpowiedzialny za sprawdzenie przy odbiorze, czy wszystkie dostarczone towary odpowiadaj\u0105 zam\u00f3wionym towarom \/ fakturom.  <br>5.2 Je\u015bli cz\u0119\u015b\u0107 zam\u00f3wienia jest op\u00f3\u017aniona lub je\u015bli cz\u0119\u015b\u0107 zam\u00f3wienia jest wadliwa lub niekompletna, zam\u00f3wienie mo\u017ce by\u0107 skorygowane tylko do tej cz\u0119\u015bci zam\u00f3wienia<\/li><\/ol>\n\n\n\n<ol class=\"wp-block-list\" type=\"1\" start=\"6\"><li>PRZYJ\u0118CIE TOWARU Z WADAMI, O KT\u00d3RYCH BY\u0141O WIADOMO, STANOWI ZRZECZENIE SI\u0118 ROSZCZE\u0143 ODSZKODOWAWCZYCH<br>6.1 Kupuj\u0105cy niniejszym zrzeka si\u0119 wszelkich roszcze\u0144 odszkodowawczych wynikaj\u0105cych z jakiejkolwiek wady, o kt\u00f3rej Kupuj\u0105cy wie, w tym op\u00f3\u017anionej dostawy, w momencie odbioru towaru.<\/li><\/ol>\n\n\n\n<ol class=\"wp-block-list\" type=\"1\" start=\"7\"><li>ZWROT<br>7.1 Kupuj\u0105cy jest odpowiedzialny za sprawdzenie przy odbiorze, czy wszystkie dostarczone towary odpowiadaj\u0105 dok\u0142adnie zakupionym towarom i wystawionym fakturom.<br>7.2 Zakupy dokonywane przez Kupuj\u0105cego w ramach sprzeda\u017cy hurtowej s\u0105 bezzwrotne, chyba \u017ce uzgodniono inaczej. Pod pewnymi warunkami mo\u017cna dokona\u0107 wymiany na nieu\u017cywany towar o niezadowalaj\u0105cej jako\u015bci i w oryginalnym opakowaniu z do\u0142\u0105czonymi wszystkimi metkami. To, czy poszczeg\u00f3lne pozycje b\u0119d\u0105 podlega\u0142y wymianie, zale\u017cy od decyzji Granny\u2019s Finest. Wszystkie wymiany musz\u0105 zosta\u0107 zainicjowane w ci\u0105gu 7 dni od daty dostawy towaru.<br>7.3 W przypadku wymiany, Kupuj\u0105cy jest odpowiedzialny za wszelkie koszty wysy\u0142ki, zar\u00f3wno za odes\u0142anie Towaru do Sprzedawcy, jak i za dostarczenie nowego Towaru do Kupuj\u0105cego. Kupuj\u0105cy zezwoli Sprzedawcy na sprzeda\u017c ubra\u0144, kt\u00f3re zosta\u0142y wymienione, odrzucone lub wykluczone.     <\/li><\/ol>\n\n\n\n<ol class=\"wp-block-list\" type=\"1\" start=\"8\"><li>MODYFIKACJA TOWARU<br>8.1 W przypadku modyfikacji Towaru, nie podlega on ju\u017c zwrotowi lub wymianie. Po zabrudzeniu, wypraniu lub zmianie Towaru w jakikolwiek spos\u00f3b, Kupuj\u0105cy nie mo\u017ce zwr\u00f3ci\u0107 lub zg\u0142osi\u0107 roszczenia w odniesieniu do takiego Towaru. <\/li><\/ol>\n\n\n\n<ol class=\"wp-block-list\" type=\"1\" start=\"9\"><li>WZORY I OBRAZY<br>9.1 O ile nie okre\u015blono inaczej na pi\u015bmie, Wellstrim nie gwarantuje, \u017ce jako\u015b\u0107, waga, wygl\u0105d lub kolor Towaru odpowiada konkretnemu opisowi, obrazowi lub wzoru.<\/li><\/ol>\n\n\n\n<ol type=\"1\" start=\"10\"><li>ODPOWIEDZIALNO\u015a\u0106<br>10.1 Sprzedawca nie ponosi odpowiedzialno\u015bci:\n<ul>\n<li>w przypadku zmiany lub modyfikacji Towaru, niew\u0142a\u015bciwego zastosowania Towau, nie zastosowania si\u0119 do instrukcji Sprzedawcy w odniesieniu do Towaru lub jego poddania nietypowemu lub niezgodnemu z przeznaczeniem u\u017cytkowaniu lub obs\u0142udze;\n<\/li>\n<li>za wady wszelkich Towar\u00f3w produkowanych przez osoby trzecie;<\/li>\n<li>za straty lub szkody spowodowane w ca\u0142o\u015bci lub w cz\u0119\u015bci przez jakiekolwiek czynniki pozostaj\u0105ce poza nasz\u0105 kontrol\u0105, w tym mi\u0119dzy innymi za straty wynikaj\u0105ce z op\u00f3\u017anie\u0144 w produkcji lub dostawie Towaru;\n<\/li>\n<li>za ka\u017cd\u0105 po\u015bredni\u0105 lub nast\u0119pcz\u0105 strat\u0119 jakiegokolwiek rodzaju<\/li>\n<\/ul>\n<\/li>\n<\/ol>\n\n\n\n<ol class=\"wp-block-list\" type=\"1\" start=\"11\"><li>WY\u0141\u0104CZENIE ODPOWIEDZIALNO\u015aCI Z TYTU\u0141U DOROZUMIANYCH GWARANCJI<br>11.1 Sprzedawca, w najszerszym zakresie dozwolonym przez obowi\u0105zuj\u0105ce prawo i z poszanowaniem wszelkich podstaw prawnych roszczenia, NIE PONOSI ODPOWIEDZIALNO\u015aCI za jako\u015b\u0107 jakichkolwiek produkt\u00f3w ani za jakiekolwiek bezpo\u015brednie lub po\u015brednie straty wynikaj\u0105ce z przerw w dzia\u0142alno\u015bci, strat wynikowych, utraty zysku lub jakichkolwiek innych strat.<br>Do Towar\u00f3w sprzedawanych przez Sprzedawc\u0119 nie maj\u0105 zastosowania \u017cadne dorozumiane gwarancje. W ka\u017cdym przypadku maksymalna odpowiedzialno\u015b\u0107 b\u0119dzie r\u00f3wna zap\u0142acie przez Sprzedawc\u0119 na rzecz Kupuj\u0105cego zap\u0142aty za zaleg\u0142\u0105 lub wadliw\u0105 cz\u0119\u015b\u0107 zam\u00f3wienia <\/li><\/ol>\n\n\n\n<ol class=\"wp-block-list\" type=\"1\" start=\"12\"><li>UTRATA ZDOLNO\u015aCI KREDYTOWEJ KUPUJ\u0104CEGO<br>12.1 Sprzedawca jest uprawniony, poza innymi \u015brodkami zaradczymi przewidzianymi prawem, do wstrzymania wszelkich dostaw lub zawieszenia dalszych dostaw innych przesy\u0142ek w przypadku, gdy Kupuj\u0105cy nie zap\u0142aci za jak\u0105kolwiek przesy\u0142k\u0119 w momencie, gdy stanie si\u0119 ona wymagalna. Je\u017celi sytuacja finansowa Kupuj\u0105cego stanie si\u0119 niezadowalaj\u0105ca dla Sprzedawcy, Sprzedawca mo\u017ce za\u017c\u0105da\u0107 zap\u0142aty got\u00f3wk\u0105 lub satysfakcjonuj\u0105cych gwarancji na dostaw\u0119 Towaru. <br>12.2 Wellstrim mo\u017ce niezw\u0142ocznie rozwi\u0105za\u0107 niniejsz\u0105 umow\u0119 za pisemnym wypowiedzeniem, je\u017celi: <ul><li>nie zastosowano si\u0119 do pisemnego zawiadomienia Sprzedawcy, w kt\u00f3rym stwierdzono naruszenie umowy i za\u017c\u0105dano naprawienia jego w ci\u0105gu 14 dni;<\/li><li>w razie bankructwa Pa\u0144stwa Firmy;<\/li><li>w razie obj\u0119cia Pa\u0144stwa Firmy post\u0119powaniem likwidacyjnym lub upad\u0142o\u015bciowym.<br>Po rozwi\u0105zaniu umowy Sprzedawca ma prawo do rozporz\u0105dzania Towarem wed\u0142ug w\u0142asnego uznania.<\/li><\/ul><\/li><\/ol>\n\n\n\n<ol class=\"wp-block-list\" type=\"1\" start=\"13\"><li>ZMIANY I UZUPE\u0141NIENIA<br>13.1 Wellstrim mo\u017ce od czasu do czasu modyfikowa\u0107 lub zast\u0119powa\u0107 niniejszy regulamin. Ka\u017cde zam\u00f3wienie z\u0142o\u017cone po takich zmianach b\u0119dzie stanowi\u0107 zgod\u0119 na zwi\u0105zanie si\u0119 zmienionymi warunkami. <\/li><\/ol>\n\n\n\n<p>ZGODA I POTWIERDZENIE<br>Kupuj\u0105cy uwa\u017cnie przeczyta\u0142 i akceptuje niniejsze Warunki Sprzeda\u017cy Hurtowej, o czym \u015bwiadczy zwyk\u0142a czynno\u015b\u0107 zam\u00f3wienia towaru. Je\u017celi kt\u00f3rykolwiek z termin\u00f3w, postanowie\u0144, wymog\u00f3w lub warunk\u00f3w niniejszej umowy zostanie uznany przez w\u0142a\u015bciwy s\u0105d za niewa\u017cny, niewykonalny lub nieegzekwowalny, pozosta\u0142e warunki niniejszej umowy pozostaj\u0105 w pe\u0142nej mocy i w \u017caden spos\u00f3b nie ulegaj\u0105 zmianie, ograniczeniu lub uniewa\u017cnieniu. <\/p>\n\n\n\n<p>W przypadku pyta\u0144 dotycz\u0105cych zakup\u00f3w hurtowych prosimy o kontakt mailowy: <a href=\"mailto:info@wellstrim.com\">info@wellstrim.com<\/a><\/p>\n<\/div><\/div>\n","protected":false},"excerpt":{"rendered":"","protected":false},"author":1,"featured_media":0,"parent":0,"menu_order":0,"comment_status":"closed","ping_status":"open","template":"","meta":{"footnotes":""},"class_list":["post-3119","page","type-page","status-publish"],"_links":{"self":[{"href":"https:\/\/wellstrim.com\/pl\/wp-json\/wp\/v2\/pages\/3119","targetHints":{"allow":["GET"]}}],"collection":[{"href":"https:\/\/wellstrim.com\/pl\/wp-json\/wp\/v2\/pages"}],"about":[{"href":"https:\/\/wellstrim.com\/pl\/wp-json\/wp\/v2\/types\/page"}],"author":[{"embeddable":true,"href":"https:\/\/wellstrim.com\/pl\/wp-json\/wp\/v2\/users\/1"}],"replies":[{"embeddable":true,"href":"https:\/\/wellstrim.com\/pl\/wp-json\/wp\/v2\/comments?post=3119"}],"version-history":[{"count":6,"href":"https:\/\/wellstrim.com\/pl\/wp-json\/wp\/v2\/pages\/3119\/revisions"}],"predecessor-version":[{"id":3125,"href":"https:\/\/wellstrim.com\/pl\/wp-json\/wp\/v2\/pages\/3119\/revisions\/3125"}],"wp:attachment":[{"href":"https:\/\/wellstrim.com\/pl\/wp-json\/wp\/v2\/media?parent=3119"}],"curies":[{"name":"wp","href":"https:\/\/api.w.org\/{rel}","templated":true}]}}