{"id":3095,"date":"2021-01-14T18:42:25","date_gmt":"2021-01-14T17:42:25","guid":{"rendered":"https:\/\/wellstrim.com\/obuwie\/"},"modified":"2021-01-14T18:42:31","modified_gmt":"2021-01-14T17:42:31","slug":"obuwie","status":"publish","type":"page","link":"https:\/\/wellstrim.com\/pl\/obuwie\/","title":{"rendered":"OBUWIE"},"content":{"rendered":"\n<div class=\"gb-container gb-container-65632fe9\"><div class=\"gb-inside-container\">\n<div class=\"gb-grid-wrapper gb-grid-wrapper-35a16a77\">\n<div class=\"gb-grid-column gb-grid-column-6bbd563e\"><div class=\"gb-container gb-container-6bbd563e\"><div class=\"gb-inside-container\">\n<div class=\"gb-headline-wrapper gb-headline-wrapper-1d18418b\"><span class=\"gb-icon\"><svg xmlns=\"http:\/\/www.w3.org\/2000\/svg\" xmlns:xlink=\"http:\/\/www.w3.org\/1999\/xlink\" version=\"1.1\" id=\"Capa_1\" x=\"0px\" y=\"0px\" viewbox=\"0 0 60 4.688\" style=\"enable-background:new 0 0 60 4.688;\" xml:space=\"preserve\"> <g> \t<g> \t\t<path d=\"M57.656,0H2.344C1.049,0,0,1.049,0,2.344c0,1.294,1.049,2.344,2.344,2.344h55.312C58.951,4.688,60,3.638,60,2.344 S58.951,0,57.656,0z\"><\/path> \t<\/g> <\/g> <\/svg><\/span><h2 class=\"gb-headline gb-headline-1d18418b\">OBUWIE<\/h2><\/div>\n\n\n\n<p>Oferujemy Pa\u0144stwu pe\u0142n\u0105 gam\u0119 obuwia, but\u00f3w, trampk\u00f3w, sanda\u0142\u00f3w, pantofli itp. W magazynie posiadamy r\u00f3wnie\u017c bogaty wyb\u00f3r produkt\u00f3w do piel\u0119gnacji obuwia: krem do but\u00f3w, wosk do but\u00f3w, rogi do but\u00f3w, g\u0105bki do czyszczenia but\u00f3w, szczotki do but\u00f3w, produkty do piel\u0119gnacji sk\u00f3ry i nie tylko.<\/p>\n\n\n\n<p>Skontaktuj si\u0119 z nami, aby uzyska\u0107 wi\u0119cej informacji na temat naszych ofert produkt\u00f3w.<\/p>\n\n\n\n<div class=\"gb-button-wrapper gb-button-wrapper-ad288d2b\">\n<a class=\"gb-button gb-button-11bc2534\" href=\"https:\/\/wellstrim.com\/pl\/contacts\/\"><span class=\"button-text\">Skontaktuj si\u0119 z nami<\/span><\/a>\n<\/div>\n<\/div><\/div><\/div>\n\n\n\n<div class=\"gb-grid-column gb-grid-column-58e20e84\"><div class=\"gb-container gb-container-58e20e84\"><div class=\"gb-inside-container\">\n<div class=\"gb-grid-wrapper gb-grid-wrapper-8f0ce2eb\">\n<div class=\"gb-grid-column gb-grid-column-dda8af02\"><div class=\"gb-container gb-container-dda8af02\"><div class=\"gb-inside-container\">\n<figure class=\"wp-block-gallery columns-2 is-cropped wp-block-gallery-1 is-layout-flex wp-block-gallery-is-layout-flex\"><ul class=\"blocks-gallery-grid\"><li class=\"blocks-gallery-item\"><figure><img loading=\"lazy\" decoding=\"async\" width=\"400\" height=\"200\" src=\"https:\/\/wellstrim.com\/wp-content\/uploads\/2020\/10\/skechers-vector-logo.png\" alt=\"\" data-id=\"2605\" data-full-url=\"https:\/\/wellstrim.com\/wp-content\/uploads\/2020\/10\/skechers-vector-logo.png\" data-link=\"https:\/\/wellstrim.com\/?attachment_id=2605#main\" class=\"wp-image-2920\" srcset=\"https:\/\/wellstrim.com\/wp-content\/uploads\/2020\/10\/skechers-vector-logo.png 400w, https:\/\/wellstrim.com\/wp-content\/uploads\/2020\/10\/skechers-vector-logo-300x150.png 300w\" sizes=\"auto, (max-width: 400px) 100vw, 400px\" \/><\/figure><\/li><li class=\"blocks-gallery-item\"><figure><img loading=\"lazy\" decoding=\"async\" width=\"600\" height=\"295\" src=\"https:\/\/wellstrim.com\/wp-content\/uploads\/2020\/10\/rieker-logo.png\" alt=\"\" data-id=\"2603\" data-full-url=\"https:\/\/wellstrim.com\/wp-content\/uploads\/2020\/10\/rieker-logo.png\" data-link=\"https:\/\/wellstrim.com\/?attachment_id=2603#main\" class=\"wp-image-2916\" srcset=\"https:\/\/wellstrim.com\/wp-content\/uploads\/2020\/10\/rieker-logo.png 600w, https:\/\/wellstrim.com\/wp-content\/uploads\/2020\/10\/rieker-logo-300x148.png 300w\" sizes=\"auto, (max-width: 600px) 100vw, 600px\" \/><\/figure><\/li><li class=\"blocks-gallery-item\"><figure><img loading=\"lazy\" decoding=\"async\" width=\"585\" height=\"308\" src=\"https:\/\/wellstrim.com\/wp-content\/uploads\/2020\/10\/dansko34-1.png\" alt=\"\" data-id=\"2604\" data-full-url=\"https:\/\/wellstrim.com\/wp-content\/uploads\/2020\/10\/dansko34-1.png\" data-link=\"https:\/\/wellstrim.com\/?attachment_id=2604#main\" class=\"wp-image-2918\" srcset=\"https:\/\/wellstrim.com\/wp-content\/uploads\/2020\/10\/dansko34-1.png 585w, https:\/\/wellstrim.com\/wp-content\/uploads\/2020\/10\/dansko34-1-300x158.png 300w\" sizes=\"auto, (max-width: 585px) 100vw, 585px\" \/><\/figure><\/li><li class=\"blocks-gallery-item\"><figure><img loading=\"lazy\" decoding=\"async\" width=\"600\" height=\"300\" src=\"https:\/\/wellstrim.com\/wp-content\/uploads\/2020\/10\/361.png\" alt=\"\" data-id=\"2600\" data-full-url=\"https:\/\/wellstrim.com\/wp-content\/uploads\/2020\/10\/361.png\" data-link=\"https:\/\/wellstrim.com\/?attachment_id=2600#main\" class=\"wp-image-2910\" srcset=\"https:\/\/wellstrim.com\/wp-content\/uploads\/2020\/10\/361.png 600w, https:\/\/wellstrim.com\/wp-content\/uploads\/2020\/10\/361-300x150.png 300w\" sizes=\"auto, (max-width: 600px) 100vw, 600px\" \/><\/figure><\/li><li class=\"blocks-gallery-item\"><figure><img loading=\"lazy\" decoding=\"async\" width=\"600\" height=\"300\" src=\"https:\/\/wellstrim.com\/wp-content\/uploads\/2020\/10\/peak2.png\" alt=\"\" data-id=\"2602\" data-full-url=\"https:\/\/wellstrim.com\/wp-content\/uploads\/2020\/10\/peak2.png\" data-link=\"https:\/\/wellstrim.com\/?attachment_id=2602#main\" class=\"wp-image-2914\" srcset=\"https:\/\/wellstrim.com\/wp-content\/uploads\/2020\/10\/peak2.png 600w, https:\/\/wellstrim.com\/wp-content\/uploads\/2020\/10\/peak2-300x150.png 300w\" sizes=\"auto, (max-width: 600px) 100vw, 600px\" \/><\/figure><\/li><li class=\"blocks-gallery-item\"><figure><img loading=\"lazy\" decoding=\"async\" width=\"600\" height=\"300\" src=\"https:\/\/wellstrim.com\/wp-content\/uploads\/2020\/10\/newbalance-logo-01.png\" alt=\"\" data-id=\"2606\" data-full-url=\"https:\/\/wellstrim.com\/wp-content\/uploads\/2020\/10\/newbalance-logo-01.png\" data-link=\"https:\/\/wellstrim.com\/?attachment_id=2606#main\" class=\"wp-image-2922\" srcset=\"https:\/\/wellstrim.com\/wp-content\/uploads\/2020\/10\/newbalance-logo-01.png 600w, https:\/\/wellstrim.com\/wp-content\/uploads\/2020\/10\/newbalance-logo-01-300x150.png 300w\" sizes=\"auto, (max-width: 600px) 100vw, 600px\" \/><\/figure><\/li><\/ul><\/figure>\n<\/div><\/div><\/div>\n<\/div>\n<\/div><\/div><\/div>\n<\/div>\n<\/div><\/div>\n\n<p><\/p>\n","protected":false},"excerpt":{"rendered":"","protected":false},"author":1,"featured_media":0,"parent":0,"menu_order":0,"comment_status":"closed","ping_status":"closed","template":"","meta":{"footnotes":""},"class_list":["post-3095","page","type-page","status-publish"],"_links":{"self":[{"href":"https:\/\/wellstrim.com\/pl\/wp-json\/wp\/v2\/pages\/3095","targetHints":{"allow":["GET"]}}],"collection":[{"href":"https:\/\/wellstrim.com\/pl\/wp-json\/wp\/v2\/pages"}],"about":[{"href":"https:\/\/wellstrim.com\/pl\/wp-json\/wp\/v2\/types\/page"}],"author":[{"embeddable":true,"href":"https:\/\/wellstrim.com\/pl\/wp-json\/wp\/v2\/users\/1"}],"replies":[{"embeddable":true,"href":"https:\/\/wellstrim.com\/pl\/wp-json\/wp\/v2\/comments?post=3095"}],"version-history":[{"count":9,"href":"https:\/\/wellstrim.com\/pl\/wp-json\/wp\/v2\/pages\/3095\/revisions"}],"predecessor-version":[{"id":3104,"href":"https:\/\/wellstrim.com\/pl\/wp-json\/wp\/v2\/pages\/3095\/revisions\/3104"}],"wp:attachment":[{"href":"https:\/\/wellstrim.com\/pl\/wp-json\/wp\/v2\/media?parent=3095"}],"curies":[{"name":"wp","href":"https:\/\/api.w.org\/{rel}","templated":true}]}}