{"id":3087,"date":"2021-01-14T18:41:18","date_gmt":"2021-01-14T17:41:18","guid":{"rendered":"https:\/\/wellstrim.com\/suplementy-diety\/"},"modified":"2021-01-14T18:41:20","modified_gmt":"2021-01-14T17:41:20","slug":"suplementy-diety","status":"publish","type":"page","link":"https:\/\/wellstrim.com\/pl\/suplementy-diety\/","title":{"rendered":"SUPLEMENTY DIETY"},"content":{"rendered":"\n<div class=\"gb-container gb-container-65632fe9\"><div class=\"gb-inside-container\">\n<div class=\"gb-grid-wrapper gb-grid-wrapper-35a16a77\">\n<div class=\"gb-grid-column gb-grid-column-6bbd563e\"><div class=\"gb-container gb-container-6bbd563e\"><div class=\"gb-inside-container\">\n<div class=\"gb-headline-wrapper gb-headline-wrapper-1d18418b\"><span class=\"gb-icon\"><svg xmlns:xlink=\"http:\/\/www.w3.org\/1999\/xlink\" xmlns=\"http:\/\/www.w3.org\/2000\/svg\" xml:space=\"preserve\" style=\"enable-background:new 0 0 60 4.688;\" viewbox=\"0 0 60 4.688\" y=\"0px\" x=\"0px\" id=\"Capa_1\" version=\"1.1\"> <g> \t<g> \t\t<path d=\"M57.656,0H2.344C1.049,0,0,1.049,0,2.344c0,1.294,1.049,2.344,2.344,2.344h55.312C58.951,4.688,60,3.638,60,2.344 S58.951,0,57.656,0z\"><\/path> \t<\/g> <\/g> <\/svg><\/span><h2 class=\"gb-headline gb-headline-1d18418b\">SUPLEMENTY DIETY<\/h2><\/div>\n\n\n\n<p>Mo\u017cemy zaoferowa\u0107 Pa\u0144stwu szerok\u0105 gam\u0119 suplement\u00f3w diety wszystkich wiod\u0105cych producent\u00f3w. W Wellstrim mo\u017cna znale\u017a\u0107 szerok\u0105 gam\u0119 witamin, suplement\u00f3w sportowych, baton\u00f3w energetycznych i itp.<\/p>\n\n\n\n<p>Skontaktuj si\u0119 z nami, aby uzyska\u0107 wi\u0119cej informacji na temat naszych ofert produkt\u00f3w.<\/p>\n\n\n\n<div class=\"gb-button-wrapper gb-button-wrapper-ad288d2b\">\n<a class=\"gb-button gb-button-11bc2534\" href=\"https:\/\/wellstrim.com\/pl\/contacts\/\"><span class=\"button-text\">Skontaktuj si\u0119 z nami<\/span><\/a>\n<\/div>\n<\/div><\/div><\/div>\n\n\n\n<div class=\"gb-grid-column gb-grid-column-58e20e84\"><div class=\"gb-container gb-container-58e20e84\"><div class=\"gb-inside-container\">\n<div class=\"gb-grid-wrapper gb-grid-wrapper-8f0ce2eb\">\n<div class=\"gb-grid-column gb-grid-column-dda8af02\"><div class=\"gb-container gb-container-dda8af02\"><div class=\"gb-inside-container\">\n<figure class=\"wp-block-gallery columns-2 is-cropped wp-block-gallery-1 is-layout-flex wp-block-gallery-is-layout-flex\"><ul class=\"blocks-gallery-grid\"><li class=\"blocks-gallery-item\"><figure><img loading=\"lazy\" decoding=\"async\" width=\"600\" height=\"300\" src=\"https:\/\/wellstrim.com\/wp-content\/uploads\/2020\/10\/quest-nutr2.png\" alt=\"\" data-id=\"2589\" data-full-url=\"https:\/\/wellstrim.com\/wp-content\/uploads\/2020\/10\/quest-nutr2.png\" data-link=\"https:\/\/wellstrim.com\/?attachment_id=2589#main\" class=\"wp-image-2898\" srcset=\"https:\/\/wellstrim.com\/wp-content\/uploads\/2020\/10\/quest-nutr2.png 600w, https:\/\/wellstrim.com\/wp-content\/uploads\/2020\/10\/quest-nutr2-300x150.png 300w\" sizes=\"auto, (max-width: 600px) 100vw, 600px\" \/><\/figure><\/li><li class=\"blocks-gallery-item\"><figure><img loading=\"lazy\" decoding=\"async\" width=\"600\" height=\"300\" src=\"https:\/\/wellstrim.com\/wp-content\/uploads\/2020\/10\/Vagan-smart.png\" alt=\"\" data-id=\"2590\" data-full-url=\"https:\/\/wellstrim.com\/wp-content\/uploads\/2020\/10\/Vagan-smart.png\" data-link=\"https:\/\/wellstrim.com\/?attachment_id=2590#main\" class=\"wp-image-2900\" srcset=\"https:\/\/wellstrim.com\/wp-content\/uploads\/2020\/10\/Vagan-smart.png 600w, https:\/\/wellstrim.com\/wp-content\/uploads\/2020\/10\/Vagan-smart-300x150.png 300w\" sizes=\"auto, (max-width: 600px) 100vw, 600px\" \/><\/figure><\/li><li class=\"blocks-gallery-item\"><figure><img loading=\"lazy\" decoding=\"async\" width=\"600\" height=\"300\" src=\"https:\/\/wellstrim.com\/wp-content\/uploads\/2020\/10\/allmax2.png\" alt=\"\" data-id=\"2591\" data-full-url=\"https:\/\/wellstrim.com\/wp-content\/uploads\/2020\/10\/allmax2.png\" data-link=\"https:\/\/wellstrim.com\/?attachment_id=2591#main\" class=\"wp-image-2902\" srcset=\"https:\/\/wellstrim.com\/wp-content\/uploads\/2020\/10\/allmax2.png 600w, https:\/\/wellstrim.com\/wp-content\/uploads\/2020\/10\/allmax2-300x150.png 300w\" sizes=\"auto, (max-width: 600px) 100vw, 600px\" \/><\/figure><\/li><li class=\"blocks-gallery-item\"><figure><img loading=\"lazy\" decoding=\"async\" width=\"600\" height=\"300\" src=\"https:\/\/wellstrim.com\/wp-content\/uploads\/2020\/10\/CTD2.png\" alt=\"\" data-id=\"2592\" data-full-url=\"https:\/\/wellstrim.com\/wp-content\/uploads\/2020\/10\/CTD2.png\" data-link=\"https:\/\/wellstrim.com\/?attachment_id=2592#main\" class=\"wp-image-2904\" srcset=\"https:\/\/wellstrim.com\/wp-content\/uploads\/2020\/10\/CTD2.png 600w, https:\/\/wellstrim.com\/wp-content\/uploads\/2020\/10\/CTD2-300x150.png 300w\" sizes=\"auto, (max-width: 600px) 100vw, 600px\" \/><\/figure><\/li><li class=\"blocks-gallery-item\"><figure><img loading=\"lazy\" decoding=\"async\" width=\"600\" height=\"300\" src=\"https:\/\/wellstrim.com\/wp-content\/uploads\/2020\/10\/GAT2.png\" alt=\"\" data-id=\"2593\" data-full-url=\"https:\/\/wellstrim.com\/wp-content\/uploads\/2020\/10\/GAT2.png\" data-link=\"https:\/\/wellstrim.com\/?attachment_id=2593#main\" class=\"wp-image-2906\" srcset=\"https:\/\/wellstrim.com\/wp-content\/uploads\/2020\/10\/GAT2.png 600w, https:\/\/wellstrim.com\/wp-content\/uploads\/2020\/10\/GAT2-300x150.png 300w\" sizes=\"auto, (max-width: 600px) 100vw, 600px\" \/><\/figure><\/li><li class=\"blocks-gallery-item\"><figure><img loading=\"lazy\" decoding=\"async\" width=\"600\" height=\"300\" src=\"https:\/\/wellstrim.com\/wp-content\/uploads\/2020\/10\/natures-way.png\" alt=\"\" data-id=\"2594\" data-full-url=\"https:\/\/wellstrim.com\/wp-content\/uploads\/2020\/10\/natures-way.png\" data-link=\"https:\/\/wellstrim.com\/?attachment_id=2594#main\" class=\"wp-image-2908\" srcset=\"https:\/\/wellstrim.com\/wp-content\/uploads\/2020\/10\/natures-way.png 600w, https:\/\/wellstrim.com\/wp-content\/uploads\/2020\/10\/natures-way-300x150.png 300w\" sizes=\"auto, (max-width: 600px) 100vw, 600px\" \/><\/figure><\/li><\/ul><\/figure>\n<\/div><\/div><\/div>\n<\/div>\n<\/div><\/div><\/div>\n<\/div>\n<\/div><\/div>\n\n<p><\/p>\n","protected":false},"excerpt":{"rendered":"","protected":false},"author":1,"featured_media":0,"parent":0,"menu_order":0,"comment_status":"closed","ping_status":"closed","template":"","meta":{"footnotes":""},"class_list":["post-3087","page","type-page","status-publish"],"_links":{"self":[{"href":"https:\/\/wellstrim.com\/pl\/wp-json\/wp\/v2\/pages\/3087","targetHints":{"allow":["GET"]}}],"collection":[{"href":"https:\/\/wellstrim.com\/pl\/wp-json\/wp\/v2\/pages"}],"about":[{"href":"https:\/\/wellstrim.com\/pl\/wp-json\/wp\/v2\/types\/page"}],"author":[{"embeddable":true,"href":"https:\/\/wellstrim.com\/pl\/wp-json\/wp\/v2\/users\/1"}],"replies":[{"embeddable":true,"href":"https:\/\/wellstrim.com\/pl\/wp-json\/wp\/v2\/comments?post=3087"}],"version-history":[{"count":3,"href":"https:\/\/wellstrim.com\/pl\/wp-json\/wp\/v2\/pages\/3087\/revisions"}],"predecessor-version":[{"id":3090,"href":"https:\/\/wellstrim.com\/pl\/wp-json\/wp\/v2\/pages\/3087\/revisions\/3090"}],"wp:attachment":[{"href":"https:\/\/wellstrim.com\/pl\/wp-json\/wp\/v2\/media?parent=3087"}],"curies":[{"name":"wp","href":"https:\/\/api.w.org\/{rel}","templated":true}]}}