{"id":3029,"date":"2021-01-14T18:34:08","date_gmt":"2021-01-14T17:34:08","guid":{"rendered":"https:\/\/wellstrim.com\/sprzet-elektroniczny\/"},"modified":"2021-01-14T18:34:08","modified_gmt":"2021-01-14T17:34:08","slug":"sprzet-elektroniczny","status":"publish","type":"page","link":"https:\/\/wellstrim.com\/pl\/sprzet-elektroniczny\/","title":{"rendered":"SPRZ\u0118T ELEKTRONICZNY"},"content":{"rendered":"\n<div class=\"gb-container gb-container-65632fe9\"><div class=\"gb-inside-container\">\n<div class=\"gb-grid-wrapper gb-grid-wrapper-35a16a77\">\n<div class=\"gb-grid-column gb-grid-column-6bbd563e\"><div class=\"gb-container gb-container-6bbd563e\"><div class=\"gb-inside-container\">\n<div class=\"gb-headline-wrapper gb-headline-wrapper-1d18418b\"><span class=\"gb-icon\"><svg xmlns:xlink=\"http:\/\/www.w3.org\/1999\/xlink\" xmlns=\"http:\/\/www.w3.org\/2000\/svg\" xml:space=\"preserve\" style=\"enable-background:new 0 0 60 4.688;\" viewbox=\"0 0 60 4.688\" y=\"0px\" x=\"0px\" id=\"Capa_1\" version=\"1.1\"> <g> \t<g> \t\t<path d=\"M57.656,0H2.344C1.049,0,0,1.049,0,2.344c0,1.294,1.049,2.344,2.344,2.344h55.312C58.951,4.688,60,3.638,60,2.344 S58.951,0,57.656,0z\"><\/path> \t<\/g> <\/g> <\/svg><\/span><h2 class=\"gb-headline gb-headline-1d18418b\">SPRZ\u0118T ELEKTRONICZNY<\/h2><\/div>\n\n\n\n<p>Mo\u017cemy zaoferowa\u0107 Pa\u0144stwu pe\u0142n\u0105 gam\u0119 \u017car\u00f3wek, przed\u0142u\u017caczy i adapter\u00f3w, a tak\u017ce bardzo szerok\u0105 gam\u0119 artyku\u0142\u00f3w elektrycznych. Posiadamy r\u00f3wnie\u017c bogaty wyb\u00f3r przybor\u00f3w elektrycznych, artyku\u0142\u00f3w gospodarstwa domowego, produkt\u00f3w do piel\u0119gnacji w\u0142os\u00f3w, kina domowego i prywatnego, prezent\u00f3w, zabawek sterowanych pilotem i akcesori\u00f3w audio &#8211; wideo.<\/p>\n\n\n\n<p>Skontaktuj si\u0119 z nami, aby uzyska\u0107 wi\u0119cej informacji na temat naszych ofert produkt\u00f3w.<\/p>\n\n\n\n<div class=\"gb-button-wrapper gb-button-wrapper-ad288d2b\">\n<a class=\"gb-button gb-button-11bc2534\" href=\"https:\/\/wellstrim.com\/pl\/contacts\/\"><span class=\"button-text\">Skontaktuj si\u0119 z nami<\/span><\/a>\n<\/div>\n<\/div><\/div><\/div>\n\n\n\n<div class=\"gb-grid-column gb-grid-column-58e20e84\"><div class=\"gb-container gb-container-58e20e84\"><div class=\"gb-inside-container\">\n<div class=\"gb-grid-wrapper gb-grid-wrapper-8f0ce2eb\">\n<div class=\"gb-grid-column gb-grid-column-dda8af02\"><div class=\"gb-container gb-container-dda8af02\"><div class=\"gb-inside-container\">\n<figure class=\"wp-block-gallery columns-2 is-cropped wp-block-gallery-1 is-layout-flex wp-block-gallery-is-layout-flex\"><ul class=\"blocks-gallery-grid\"><li class=\"blocks-gallery-item\"><figure><img loading=\"lazy\" decoding=\"async\" width=\"600\" height=\"300\" src=\"https:\/\/wellstrim.com\/wp-content\/uploads\/2020\/10\/mouline2.png\" alt=\"\" data-id=\"2573\" data-full-url=\"https:\/\/wellstrim.com\/wp-content\/uploads\/2020\/10\/mouline2.png\" data-link=\"https:\/\/wellstrim.com\/electronics\/mouline2\/#main\" class=\"wp-image-2894\" srcset=\"https:\/\/wellstrim.com\/wp-content\/uploads\/2020\/10\/mouline2.png 600w, https:\/\/wellstrim.com\/wp-content\/uploads\/2020\/10\/mouline2-300x150.png 300w\" sizes=\"auto, (max-width: 600px) 100vw, 600px\" \/><\/figure><\/li><li class=\"blocks-gallery-item\"><figure><img loading=\"lazy\" decoding=\"async\" width=\"600\" height=\"300\" src=\"https:\/\/wellstrim.com\/wp-content\/uploads\/2020\/10\/Panasonic22.png\" alt=\"\" data-id=\"2574\" data-full-url=\"https:\/\/wellstrim.com\/wp-content\/uploads\/2020\/10\/Panasonic22.png\" data-link=\"https:\/\/wellstrim.com\/electronics\/panasonic22\/#main\" class=\"wp-image-2896\" srcset=\"https:\/\/wellstrim.com\/wp-content\/uploads\/2020\/10\/Panasonic22.png 600w, https:\/\/wellstrim.com\/wp-content\/uploads\/2020\/10\/Panasonic22-300x150.png 300w\" sizes=\"auto, (max-width: 600px) 100vw, 600px\" \/><\/figure><\/li><li class=\"blocks-gallery-item\"><figure><img loading=\"lazy\" decoding=\"async\" width=\"600\" height=\"300\" src=\"https:\/\/wellstrim.com\/wp-content\/uploads\/2020\/10\/daewoo2.png\" alt=\"\" data-id=\"2571\" data-full-url=\"https:\/\/wellstrim.com\/wp-content\/uploads\/2020\/10\/daewoo2.png\" data-link=\"https:\/\/wellstrim.com\/electronics\/daewoo2\/#main\" class=\"wp-image-2890\" srcset=\"https:\/\/wellstrim.com\/wp-content\/uploads\/2020\/10\/daewoo2.png 600w, https:\/\/wellstrim.com\/wp-content\/uploads\/2020\/10\/daewoo2-300x150.png 300w\" sizes=\"auto, (max-width: 600px) 100vw, 600px\" \/><\/figure><\/li><li class=\"blocks-gallery-item\"><figure><img loading=\"lazy\" decoding=\"async\" width=\"600\" height=\"300\" src=\"https:\/\/wellstrim.com\/wp-content\/uploads\/2020\/10\/electrolux2-1.png\" alt=\"\" data-id=\"2572\" data-full-url=\"https:\/\/wellstrim.com\/wp-content\/uploads\/2020\/10\/electrolux2-1.png\" data-link=\"https:\/\/wellstrim.com\/electronics\/electrolux2-1\/#main\" class=\"wp-image-2892\" srcset=\"https:\/\/wellstrim.com\/wp-content\/uploads\/2020\/10\/electrolux2-1.png 600w, https:\/\/wellstrim.com\/wp-content\/uploads\/2020\/10\/electrolux2-1-300x150.png 300w\" sizes=\"auto, (max-width: 600px) 100vw, 600px\" \/><\/figure><\/li><li class=\"blocks-gallery-item\"><figure><img loading=\"lazy\" decoding=\"async\" width=\"600\" height=\"300\" src=\"https:\/\/wellstrim.com\/wp-content\/uploads\/2020\/10\/bosch2-1.png\" alt=\"\" data-id=\"2570\" data-full-url=\"https:\/\/wellstrim.com\/wp-content\/uploads\/2020\/10\/bosch2-1.png\" data-link=\"https:\/\/wellstrim.com\/electronics\/bosch2-1\/#main\" class=\"wp-image-2888\" srcset=\"https:\/\/wellstrim.com\/wp-content\/uploads\/2020\/10\/bosch2-1.png 600w, https:\/\/wellstrim.com\/wp-content\/uploads\/2020\/10\/bosch2-1-300x150.png 300w\" sizes=\"auto, (max-width: 600px) 100vw, 600px\" \/><\/figure><\/li><li class=\"blocks-gallery-item\"><figure><img loading=\"lazy\" decoding=\"async\" width=\"600\" height=\"300\" src=\"https:\/\/wellstrim.com\/wp-content\/uploads\/2020\/10\/sony1.png\" alt=\"\" data-id=\"2569\" data-full-url=\"https:\/\/wellstrim.com\/wp-content\/uploads\/2020\/10\/sony1.png\" data-link=\"https:\/\/wellstrim.com\/electronics\/sony1\/#main\" class=\"wp-image-2886\" srcset=\"https:\/\/wellstrim.com\/wp-content\/uploads\/2020\/10\/sony1.png 600w, https:\/\/wellstrim.com\/wp-content\/uploads\/2020\/10\/sony1-300x150.png 300w\" sizes=\"auto, (max-width: 600px) 100vw, 600px\" \/><\/figure><\/li><\/ul><\/figure>\n<\/div><\/div><\/div>\n<\/div>\n<\/div><\/div><\/div>\n<\/div>\n<\/div><\/div>\n\n<p><\/p>\n","protected":false},"excerpt":{"rendered":"","protected":false},"author":1,"featured_media":0,"parent":0,"menu_order":0,"comment_status":"closed","ping_status":"closed","template":"","meta":{"footnotes":""},"class_list":["post-3029","page","type-page","status-publish"],"_links":{"self":[{"href":"https:\/\/wellstrim.com\/pl\/wp-json\/wp\/v2\/pages\/3029","targetHints":{"allow":["GET"]}}],"collection":[{"href":"https:\/\/wellstrim.com\/pl\/wp-json\/wp\/v2\/pages"}],"about":[{"href":"https:\/\/wellstrim.com\/pl\/wp-json\/wp\/v2\/types\/page"}],"author":[{"embeddable":true,"href":"https:\/\/wellstrim.com\/pl\/wp-json\/wp\/v2\/users\/1"}],"replies":[{"embeddable":true,"href":"https:\/\/wellstrim.com\/pl\/wp-json\/wp\/v2\/comments?post=3029"}],"version-history":[{"count":3,"href":"https:\/\/wellstrim.com\/pl\/wp-json\/wp\/v2\/pages\/3029\/revisions"}],"predecessor-version":[{"id":3032,"href":"https:\/\/wellstrim.com\/pl\/wp-json\/wp\/v2\/pages\/3029\/revisions\/3032"}],"wp:attachment":[{"href":"https:\/\/wellstrim.com\/pl\/wp-json\/wp\/v2\/media?parent=3029"}],"curies":[{"name":"wp","href":"https:\/\/api.w.org\/{rel}","templated":true}]}}