{"id":3013,"date":"2021-01-14T18:31:25","date_gmt":"2021-01-14T17:31:25","guid":{"rendered":"https:\/\/wellstrim.com\/reklama\/"},"modified":"2021-01-14T18:31:26","modified_gmt":"2021-01-14T17:31:26","slug":"reklama","status":"publish","type":"page","link":"https:\/\/wellstrim.com\/pl\/reklama\/","title":{"rendered":"REKLAMA"},"content":{"rendered":"\n<div class=\"gb-container gb-container-65632fe9\"><div class=\"gb-inside-container\">\n<div class=\"gb-grid-wrapper gb-grid-wrapper-35a16a77\">\n<div class=\"gb-grid-column gb-grid-column-58e20e84\"><div class=\"gb-container gb-container-58e20e84\"><div class=\"gb-inside-container\">\n<div class=\"gb-grid-wrapper gb-grid-wrapper-8f0ce2eb\">\n<div class=\"gb-grid-column gb-grid-column-dda8af02\"><div class=\"gb-container gb-container-dda8af02\"><div class=\"gb-inside-container\">\n<figure class=\"wp-block-image size-full is-resized\"><img loading=\"lazy\" decoding=\"async\" src=\"https:\/\/wellstrim.com\/wp-content\/uploads\/2020\/10\/advertising_service.png\" alt=\"\" class=\"wp-image-2964\" width=\"500\" height=\"423\"\/><\/figure>\n<\/div><\/div><\/div>\n<\/div>\n<\/div><\/div><\/div>\n\n\n\n<div class=\"gb-grid-column gb-grid-column-6bbd563e\"><div class=\"gb-container gb-container-6bbd563e\"><div class=\"gb-inside-container\">\n<div class=\"gb-headline-wrapper gb-headline-wrapper-1d18418b\"><span class=\"gb-icon\"><svg xmlns=\"http:\/\/www.w3.org\/2000\/svg\" xmlns:xlink=\"http:\/\/www.w3.org\/1999\/xlink\" version=\"1.1\" id=\"Capa_1\" x=\"0px\" y=\"0px\" viewbox=\"0 0 60 4.688\" style=\"enable-background:new 0 0 60 4.688;\" xml:space=\"preserve\"> <g> \t<g> \t\t<path d=\"M57.656,0H2.344C1.049,0,0,1.049,0,2.344c0,1.294,1.049,2.344,2.344,2.344h55.312C58.951,4.688,60,3.638,60,2.344 S58.951,0,57.656,0z\"><\/path> \t<\/g> <\/g> <\/svg><\/span><h2 class=\"gb-headline gb-headline-1d18418b\">REKLAMA<\/h2><\/div>\n\n\n\n<p>Nasz zesp\u00f3\u0142 pomo\u017ce Pa\u0144stwu stworzy\u0107 kampani\u0119 reklamow\u0105, kt\u00f3ra b\u0119dzie \u015bci\u015ble i optymalnie ukierunkowana na Pa\u0144stwa grup\u0119 docelow\u0105. Oferujemy takie us\u0142ugi jak: planowanie reklamy, dob\u00f3r odpowiednich narz\u0119dzi reklamowych, zakup medi\u00f3w i produkcj\u0119 przedmiot\u00f3w maj\u0105tkowych.<\/p>\n\n\n\n<p>Skontaktuj si\u0119 z nami, aby uzyska\u0107 wi\u0119cej informacji na temat naszych ofert produkt\u00f3w.<\/p>\n\n\n\n<div class=\"gb-button-wrapper gb-button-wrapper-ad288d2b\">\n<a class=\"gb-button gb-button-11bc2534\" href=\"https:\/\/wellstrim.com\/pl\/contacts\/\"><span class=\"button-text\">Skontaktuj si\u0119 z nami<\/span><\/a>\n<\/div>\n<\/div><\/div><\/div>\n<\/div>\n<\/div><\/div>\n\n<p><\/p>\n","protected":false},"excerpt":{"rendered":"","protected":false},"author":1,"featured_media":0,"parent":0,"menu_order":0,"comment_status":"closed","ping_status":"closed","template":"","meta":{"footnotes":""},"class_list":["post-3013","page","type-page","status-publish"],"_links":{"self":[{"href":"https:\/\/wellstrim.com\/pl\/wp-json\/wp\/v2\/pages\/3013","targetHints":{"allow":["GET"]}}],"collection":[{"href":"https:\/\/wellstrim.com\/pl\/wp-json\/wp\/v2\/pages"}],"about":[{"href":"https:\/\/wellstrim.com\/pl\/wp-json\/wp\/v2\/types\/page"}],"author":[{"embeddable":true,"href":"https:\/\/wellstrim.com\/pl\/wp-json\/wp\/v2\/users\/1"}],"replies":[{"embeddable":true,"href":"https:\/\/wellstrim.com\/pl\/wp-json\/wp\/v2\/comments?post=3013"}],"version-history":[{"count":3,"href":"https:\/\/wellstrim.com\/pl\/wp-json\/wp\/v2\/pages\/3013\/revisions"}],"predecessor-version":[{"id":3016,"href":"https:\/\/wellstrim.com\/pl\/wp-json\/wp\/v2\/pages\/3013\/revisions\/3016"}],"wp:attachment":[{"href":"https:\/\/wellstrim.com\/pl\/wp-json\/wp\/v2\/media?parent=3013"}],"curies":[{"name":"wp","href":"https:\/\/api.w.org\/{rel}","templated":true}]}}