{"id":3005,"date":"2021-01-14T18:28:33","date_gmt":"2021-01-14T17:28:33","guid":{"rendered":"https:\/\/wellstrim.com\/o-nas\/"},"modified":"2021-01-14T18:28:34","modified_gmt":"2021-01-14T17:28:34","slug":"o-nas","status":"publish","type":"page","link":"https:\/\/wellstrim.com\/pl\/o-nas\/","title":{"rendered":"O nas"},"content":{"rendered":"\n<div class=\"gb-container gb-container-e3803258\"><div class=\"gb-inside-container\">\n<div class=\"gb-grid-wrapper gb-grid-wrapper-cc599e71\">\n<div class=\"gb-grid-column gb-grid-column-54f4e20d\"><div class=\"gb-container gb-container-54f4e20d\"><div class=\"gb-inside-container\">\n<div class=\"wp-block-image\"><figure class=\"aligncenter size-full is-resized\"><img loading=\"lazy\" decoding=\"async\" src=\"https:\/\/wellstrim.com\/wp-content\/uploads\/2020\/10\/image_main.png\" alt=\"\" class=\"wp-image-2872\" width=\"362\" height=\"224\" srcset=\"https:\/\/wellstrim.com\/wp-content\/uploads\/2020\/10\/image_main.png 362w, https:\/\/wellstrim.com\/wp-content\/uploads\/2020\/10\/image_main-300x186.png 300w\" sizes=\"auto, (max-width: 362px) 100vw, 362px\" \/><\/figure><\/div>\n<\/div><\/div><\/div>\n\n\n\n<div class=\"gb-grid-column gb-grid-column-e32cf558\"><div class=\"gb-container gb-container-e32cf558\"><div class=\"gb-inside-container\">\n<h2 class=\"gb-headline gb-headline-c47916d8\"><strong>Wellstrim<\/strong> <strong>MY\u015aLI GLOBALNIE<\/strong><\/h2>\n\n\n\n<p>Wellstrim jest hurtowym dystrybutorem, kt\u00f3ry integruje procesy logistyczne i administracyjne w jeden system. Nasz zakres us\u0142ug jest odpowiedni dla ka\u017cdej firmy &#8211; od ma\u0142ej do du\u017cej &#8211; w ka\u017cdej bran\u017cy.<\/p>\n\n\n\n<p>Nasze zrozumienie proces\u00f3w biznesowych zwi\u0105zanych z magazynowaniem i dystrybucj\u0105 oznacza, \u017ce dostarczamy najlepsze rozwi\u0105zania, kt\u00f3re pomagaj\u0105 poprawi\u0107 wydajno\u015b\u0107 dostaw. Ponadto, Pa\u0144stwo i Pa\u0144ski klienci mog\u0105 \u015bledzi\u0107 ca\u0142y proces od pocz\u0105tku do ko\u0144ca.<\/p>\n<\/div><\/div><\/div>\n<\/div>\n<\/div><\/div>\n\n<div id=\"services\" class=\"gb-container gb-container-bc6c644d\"><div class=\"gb-inside-container\">\n<div class=\"gb-headline-wrapper gb-headline-wrapper-fef5bd90\"><span class=\"gb-icon\"><svg xmlns:xlink=\"http:\/\/www.w3.org\/1999\/xlink\" xmlns=\"http:\/\/www.w3.org\/2000\/svg\" xml:space=\"preserve\" style=\"enable-background:new 0 0 60 4.688;\" viewbox=\"0 0 60 4.688\" y=\"0px\" x=\"0px\" id=\"Capa_1\" version=\"1.1\"> <g> \t<g> \t\t<path d=\"M57.656,0H2.344C1.049,0,0,1.049,0,2.344c0,1.294,1.049,2.344,2.344,2.344h55.312C58.951,4.688,60,3.638,60,2.344 S58.951,0,57.656,0z\"><\/path> \t<\/g> <\/g> <\/svg><\/span><h2 class=\"gb-headline gb-headline-fef5bd90\">NASZE <strong><strong><strong>KIEROWNICTWO<\/strong><\/strong><\/strong><\/h2><\/div>\n\n\n\n<div class=\"gb-grid-wrapper gb-grid-wrapper-75991431\">\n<div class=\"gb-grid-column gb-grid-column-4462b304\"><div class=\"gb-container gb-container-4462b304\"><div class=\"gb-inside-container\">\n<div class=\"wp-block-image is-style-default\"><figure class=\"aligncenter size-large is-resized\"><img loading=\"lazy\" decoding=\"async\" src=\"https:\/\/wellstrim.com\/wp-content\/uploads\/2020\/10\/kirill.jpg\" alt=\"\" class=\"wp-image-2976\" width=\"211\" height=\"282\" srcset=\"https:\/\/wellstrim.com\/wp-content\/uploads\/2020\/10\/kirill.jpg 406w, https:\/\/wellstrim.com\/wp-content\/uploads\/2020\/10\/kirill-225x300.jpg 225w\" sizes=\"auto, (max-width: 211px) 100vw, 211px\" \/><\/figure><\/div>\n<\/div><\/div><\/div>\n\n\n\n<div class=\"gb-grid-column gb-grid-column-fd42c69f\"><div class=\"gb-container gb-container-fd42c69f\"><div class=\"gb-inside-container\">\n<h3 class=\"wp-block-heading\"> Kirill Prokoshin<\/h3>\n\n\n\n<p>Kirill Prokoszin jest do\u015bwiadczonym kierownikiem hurtowni. W ostatnich latach, od momentu do\u0142\u0105czenia do naszej firmy, Wellstrim rozwin\u0105\u0142 si\u0119 z ma\u0142ej firmy do jednego z najwi\u0119kszych dystrybutor\u00f3w hurtowych.<\/p>\n\n\n\n<p>Kirill awansowa\u0142 w szeregach Wellstrim, pracuj\u0105c praktycznie we wszystkich obszarach dzia\u0142alno\u015bci, w tym w zakresie magazynowania, wysy\u0142ki, merchandisingu, marketingu i sprzeda\u017cy. Obecnie zajmuje si\u0119 tworzeniem \u015bwietnych program\u00f3w optymalizuj\u0105cych wszystkie najnowsze trendy konsumenckie dla naszych klient\u00f3w. Najwa\u017cniejszym elementem dla Kirilla jako szefa jednego z najwi\u0119kszych dzia\u0142\u00f3w jest zapewnienie ka\u017cdemu mo\u017cliwo\u015bci realizacji swojego potencja\u0142u w celu osi\u0105gni\u0119cia doskona\u0142o\u015bci, a uczciwo\u015b\u0107 i przejrzysto\u015b\u0107 jest codziennym \u0142\u0105cznikiem w utalentowanym, wszechstronnym i zr\u00f3\u017cnicowanym zespole.<\/p>\n<\/div><\/div><\/div>\n<\/div>\n<\/div><\/div>\n","protected":false},"excerpt":{"rendered":"","protected":false},"author":1,"featured_media":0,"parent":0,"menu_order":0,"comment_status":"closed","ping_status":"closed","template":"","meta":{"footnotes":""},"class_list":["post-3005","page","type-page","status-publish"],"_links":{"self":[{"href":"https:\/\/wellstrim.com\/pl\/wp-json\/wp\/v2\/pages\/3005","targetHints":{"allow":["GET"]}}],"collection":[{"href":"https:\/\/wellstrim.com\/pl\/wp-json\/wp\/v2\/pages"}],"about":[{"href":"https:\/\/wellstrim.com\/pl\/wp-json\/wp\/v2\/types\/page"}],"author":[{"embeddable":true,"href":"https:\/\/wellstrim.com\/pl\/wp-json\/wp\/v2\/users\/1"}],"replies":[{"embeddable":true,"href":"https:\/\/wellstrim.com\/pl\/wp-json\/wp\/v2\/comments?post=3005"}],"version-history":[{"count":3,"href":"https:\/\/wellstrim.com\/pl\/wp-json\/wp\/v2\/pages\/3005\/revisions"}],"predecessor-version":[{"id":3008,"href":"https:\/\/wellstrim.com\/pl\/wp-json\/wp\/v2\/pages\/3005\/revisions\/3008"}],"wp:attachment":[{"href":"https:\/\/wellstrim.com\/pl\/wp-json\/wp\/v2\/media?parent=3005"}],"curies":[{"name":"wp","href":"https:\/\/api.w.org\/{rel}","templated":true}]}}