{"id":2983,"date":"2020-10-08T14:58:37","date_gmt":"2020-10-08T14:58:37","guid":{"rendered":"https:\/\/wellstrim.com\/contacts\/"},"modified":"2021-01-14T18:13:59","modified_gmt":"2021-01-14T17:13:59","slug":"contacts","status":"publish","type":"page","link":"https:\/\/wellstrim.com\/pl\/contacts\/","title":{"rendered":"\u0141\u0105czno\u015b\u0107"},"content":{"rendered":"\n<div class=\"gb-container gb-container-d9e74657\"><div class=\"gb-inside-container\">\n<h2 class=\"gb-headline gb-headline-591cf186\"><strong>\u0141\u0104CZNO\u015a\u0106<\/strong><\/h2>\n\n\n\n<div class=\"wp-block-image is-style-default\"><figure class=\"alignright size-full is-resized\"><img loading=\"lazy\" decoding=\"async\" src=\"https:\/\/wellstrim.com\/wp-content\/uploads\/2020\/10\/img_contacts.png\" alt=\"\" class=\"wp-image-2974\" width=\"549\" height=\"267\"\/><\/figure><\/div>\n<\/div><\/div>\n\n<div class=\"gb-container gb-container-e3803258\"><div class=\"gb-inside-container\">\n<div class=\"gb-grid-wrapper gb-grid-wrapper-cc599e71\">\n<div class=\"gb-grid-column gb-grid-column-e32cf558\"><div class=\"gb-container gb-container-e32cf558\"><div class=\"gb-inside-container\">\n<h2 class=\"gb-headline gb-headline-c47916d8\"><strong>Wellstrim<\/strong> <\/h2>\n\n\n\n<p>Przejazd 405-100 Nowy Dw\u00f3r Mazowiecki, Poland<\/p>\n\n\n\n<p>Telefon: <a href=\"tel:%20+48796979873\"> +48 796-979-873<\/a><\/p>\n\n\n\n<p>Email: <a href=\"mailto:info@wellstrim.com\">info@wellstrim.com<\/a><\/p>\n<\/div><\/div><\/div>\n\n\n\n<div class=\"gb-grid-column gb-grid-column-54f4e20d\"><div class=\"gb-container gb-container-54f4e20d\"><div class=\"gb-inside-container\">\n<div class=\"wpcf7 no-js\" id=\"wpcf7-f2994-o1\" lang=\"pl-PL\" dir=\"ltr\" data-wpcf7-id=\"2994\">\n<div class=\"screen-reader-response\"><p role=\"status\" aria-live=\"polite\" aria-atomic=\"true\"><\/p> <ul><\/ul><\/div>\n<form action=\"\/pl\/wp-json\/wp\/v2\/pages\/2983#wpcf7-f2994-o1\" method=\"post\" class=\"wpcf7-form init\" aria-label=\"Formularz kontaktowy\" novalidate=\"novalidate\" data-status=\"init\">\n<fieldset class=\"hidden-fields-container\"><input type=\"hidden\" name=\"_wpcf7\" value=\"2994\" \/><input type=\"hidden\" name=\"_wpcf7_version\" value=\"6.1.5\" \/><input type=\"hidden\" name=\"_wpcf7_locale\" value=\"pl_PL\" \/><input type=\"hidden\" name=\"_wpcf7_unit_tag\" value=\"wpcf7-f2994-o1\" \/><input type=\"hidden\" name=\"_wpcf7_container_post\" value=\"0\" \/><input type=\"hidden\" name=\"_wpcf7_posted_data_hash\" value=\"\" \/><input type=\"hidden\" name=\"_wpcf7_recaptcha_response\" value=\"\" \/>\n<\/fieldset>\n<table>\n\t<tr>\n\t\t<td style=\"width: 45%;\">\n\t\t\t<p><label> Twoje imi\u0119*<br \/>\n<span class=\"wpcf7-form-control-wrap\" data-name=\"your-name\"><input size=\"40\" maxlength=\"400\" class=\"wpcf7-form-control wpcf7-text wpcf7-validates-as-required\" aria-required=\"true\" aria-invalid=\"false\" value=\"\" type=\"text\" name=\"your-name\" \/><\/span> <\/label>\n\t\t\t<\/p>\n\t\t<\/td>\n\t\t<td>\n\t\t\t<p><label> Tw\u00f3j adres e-mail*<br \/>\n<span class=\"wpcf7-form-control-wrap\" data-name=\"your-email\"><input size=\"40\" maxlength=\"400\" class=\"wpcf7-form-control wpcf7-email wpcf7-validates-as-required wpcf7-text wpcf7-validates-as-email\" aria-required=\"true\" aria-invalid=\"false\" value=\"\" type=\"email\" name=\"your-email\" \/><\/span> <\/label>\n\t\t\t<\/p>\n\t\t<\/td>\n\t<\/tr>\n<\/table>\n<p><label> Wybierz us\u0142ug\u0119, kt\u00f3r\u0105 chcesz otrzyma\u0107<br \/>\n<span class=\"wpcf7-form-control-wrap\" data-name=\"services\"><select class=\"wpcf7-form-control wpcf7-select wpcf7-validates-as-required\" aria-required=\"true\" aria-invalid=\"false\" name=\"services\"><option value=\"\">&#8212;Prosz\u0119 wybra\u0107 opcj\u0119&#8212;<\/option><option value=\"Sprzeda\u017c hurtowa\">Sprzeda\u017c hurtowa<\/option><option value=\"Logistyka\">Logistyka<\/option><option value=\"Marketing\">Marketing<\/option><option value=\"Przedstawicielstwo handlowe\">Przedstawicielstwo handlowe<\/option><option value=\"Reklama\">Reklama<\/option><\/select><\/span> <\/label>\n<\/p>\n<p><label> Twoja wiadomo\u015b\u0107<br \/>\n<span class=\"wpcf7-form-control-wrap\" data-name=\"your-message\"><textarea cols=\"40\" rows=\"5\" maxlength=\"2000\" class=\"wpcf7-form-control wpcf7-textarea\" aria-invalid=\"false\" name=\"your-message\"><\/textarea><\/span> <\/label>\n<\/p>\n<p><input class=\"wpcf7-form-control wpcf7-submit has-spinner\" type=\"submit\" value=\"Wy\u015blij\" \/>\n<\/p><div class=\"wpcf7-response-output\" aria-hidden=\"true\"><\/div>\n<\/form>\n<\/div>\n\n<\/div><\/div><\/div>\n<\/div>\n<\/div><\/div>\n","protected":false},"excerpt":{"rendered":"","protected":false},"author":1,"featured_media":0,"parent":0,"menu_order":0,"comment_status":"closed","ping_status":"closed","template":"","meta":{"footnotes":""},"class_list":["post-2983","page","type-page","status-publish"],"_links":{"self":[{"href":"https:\/\/wellstrim.com\/pl\/wp-json\/wp\/v2\/pages\/2983","targetHints":{"allow":["GET"]}}],"collection":[{"href":"https:\/\/wellstrim.com\/pl\/wp-json\/wp\/v2\/pages"}],"about":[{"href":"https:\/\/wellstrim.com\/pl\/wp-json\/wp\/v2\/types\/page"}],"author":[{"embeddable":true,"href":"https:\/\/wellstrim.com\/pl\/wp-json\/wp\/v2\/users\/1"}],"replies":[{"embeddable":true,"href":"https:\/\/wellstrim.com\/pl\/wp-json\/wp\/v2\/comments?post=2983"}],"version-history":[{"count":5,"href":"https:\/\/wellstrim.com\/pl\/wp-json\/wp\/v2\/pages\/2983\/revisions"}],"predecessor-version":[{"id":2992,"href":"https:\/\/wellstrim.com\/pl\/wp-json\/wp\/v2\/pages\/2983\/revisions\/2992"}],"wp:attachment":[{"href":"https:\/\/wellstrim.com\/pl\/wp-json\/wp\/v2\/media?parent=2983"}],"curies":[{"name":"wp","href":"https:\/\/api.w.org\/{rel}","templated":true}]}}