{"id":3126,"date":"2021-01-14T19:13:16","date_gmt":"2021-01-14T18:13:16","guid":{"rendered":"https:\/\/wellstrim.com\/textilwaren\/"},"modified":"2021-01-14T19:13:17","modified_gmt":"2021-01-14T18:13:17","slug":"textilwaren","status":"publish","type":"page","link":"https:\/\/wellstrim.com\/de\/textilwaren\/","title":{"rendered":"TEXTILWAREN"},"content":{"rendered":"\n<div class=\"gb-container gb-container-65632fe9\"><div class=\"gb-inside-container\">\n<div class=\"gb-grid-wrapper gb-grid-wrapper-35a16a77\">\n<div class=\"gb-grid-column gb-grid-column-6bbd563e\"><div class=\"gb-container gb-container-6bbd563e\"><div class=\"gb-inside-container\">\n<div class=\"gb-headline-wrapper gb-headline-wrapper-1d18418b\"><span class=\"gb-icon\"><svg xmlns:xlink=\"http:\/\/www.w3.org\/1999\/xlink\" xmlns=\"http:\/\/www.w3.org\/2000\/svg\" xml:space=\"preserve\" style=\"enable-background:new 0 0 60 4.688;\" viewbox=\"0 0 60 4.688\" y=\"0px\" x=\"0px\" id=\"Capa_1\" version=\"1.1\"> <g> \t<g> \t\t<path d=\"M57.656,0H2.344C1.049,0,0,1.049,0,2.344c0,1.294,1.049,2.344,2.344,2.344h55.312C58.951,4.688,60,3.638,60,2.344 S58.951,0,57.656,0z\"><\/path> \t<\/g> <\/g> <\/svg><\/span><h2 class=\"gb-headline gb-headline-1d18418b\">TEXTILWAREN<\/h2><\/div>\n\n\n\n<p>Bei uns stehen immer Millionen Meter von Stoffen der verschiedenen Stille und Qualit\u00e4t zur Verf\u00fcgung. Bei uns k\u00f6nnen Sie die breiteste Auswahl von Textilien finden: Denim, Kost\u00fcmstoff, Baumwolle, Futter, Polster, Gardinen, Velvet, Trikotage, Blusenstoffe, Lycra-Stoffe und Mischstoffe.<\/p>\n\n\n\n<p>Kontaktieren Sie uns bitte f\u00fcr weitere Informationen \u00fcber Produktliste.<\/p>\n\n\n\n<div class=\"gb-button-wrapper gb-button-wrapper-ad288d2b\">\n<a class=\"gb-button gb-button-11bc2534\" href=\"https:\/\/wellstrim.com\/de\/contacts\/\"><span class=\"button-text\">Kontaktieren Sie uns<\/span><\/a>\n<\/div>\n<\/div><\/div><\/div>\n\n\n\n<div class=\"gb-grid-column gb-grid-column-58e20e84\"><div class=\"gb-container gb-container-58e20e84\"><div class=\"gb-inside-container\">\n<div class=\"gb-grid-wrapper gb-grid-wrapper-8f0ce2eb\">\n<div class=\"gb-grid-column gb-grid-column-dda8af02\"><div class=\"gb-container gb-container-dda8af02\"><div class=\"gb-inside-container\">\n<figure class=\"wp-block-gallery columns-2 is-cropped wp-block-gallery-1 is-layout-flex wp-block-gallery-is-layout-flex\"><ul class=\"blocks-gallery-grid\"><li class=\"blocks-gallery-item\"><figure><img loading=\"lazy\" decoding=\"async\" width=\"600\" height=\"288\" src=\"https:\/\/wellstrim.com\/wp-content\/uploads\/2020\/10\/sagan2.png\" alt=\"\" data-id=\"2651\" data-full-url=\"https:\/\/wellstrim.com\/wp-content\/uploads\/2020\/10\/sagan2.png\" data-link=\"https:\/\/wellstrim.com\/textile-products\/sagan2\/#main\" class=\"wp-image-2959\" srcset=\"https:\/\/wellstrim.com\/wp-content\/uploads\/2020\/10\/sagan2.png 600w, https:\/\/wellstrim.com\/wp-content\/uploads\/2020\/10\/sagan2-300x144.png 300w\" sizes=\"auto, (max-width: 600px) 100vw, 600px\" \/><\/figure><\/li><li class=\"blocks-gallery-item\"><figure><img loading=\"lazy\" decoding=\"async\" width=\"600\" height=\"289\" src=\"https:\/\/wellstrim.com\/wp-content\/uploads\/2020\/10\/tootal2-e1602151721434.png\" alt=\"\" data-id=\"2635\" data-full-url=\"https:\/\/wellstrim.com\/wp-content\/uploads\/2020\/10\/tootal2-e1602151721434.png\" data-link=\"https:\/\/wellstrim.com\/textile-products\/tootal2\/#main\" class=\"wp-image-2949\" srcset=\"https:\/\/wellstrim.com\/wp-content\/uploads\/2020\/10\/tootal2-e1602151721434.png 600w, https:\/\/wellstrim.com\/wp-content\/uploads\/2020\/10\/tootal2-e1602151721434-300x145.png 300w\" sizes=\"auto, (max-width: 600px) 100vw, 600px\" \/><\/figure><\/li><li class=\"blocks-gallery-item\"><figure><img loading=\"lazy\" decoding=\"async\" width=\"600\" height=\"300\" src=\"https:\/\/wellstrim.com\/wp-content\/uploads\/2020\/10\/textilpro7.png\" alt=\"\" data-id=\"2640\" data-full-url=\"https:\/\/wellstrim.com\/wp-content\/uploads\/2020\/10\/textilpro7.png\" data-link=\"https:\/\/wellstrim.com\/textile-products\/textilpro7\/#main\" class=\"wp-image-2955\" srcset=\"https:\/\/wellstrim.com\/wp-content\/uploads\/2020\/10\/textilpro7.png 600w, https:\/\/wellstrim.com\/wp-content\/uploads\/2020\/10\/textilpro7-300x150.png 300w\" sizes=\"auto, (max-width: 600px) 100vw, 600px\" \/><\/figure><\/li><li class=\"blocks-gallery-item\"><figure><img loading=\"lazy\" decoding=\"async\" width=\"600\" height=\"300\" src=\"https:\/\/wellstrim.com\/wp-content\/uploads\/2020\/10\/marimole5.png\" alt=\"\" data-id=\"2638\" data-full-url=\"https:\/\/wellstrim.com\/wp-content\/uploads\/2020\/10\/marimole5.png\" data-link=\"https:\/\/wellstrim.com\/textile-products\/marimole5\/#main\" class=\"wp-image-2953\" srcset=\"https:\/\/wellstrim.com\/wp-content\/uploads\/2020\/10\/marimole5.png 600w, https:\/\/wellstrim.com\/wp-content\/uploads\/2020\/10\/marimole5-300x150.png 300w\" sizes=\"auto, (max-width: 600px) 100vw, 600px\" \/><\/figure><\/li><li class=\"blocks-gallery-item\"><figure><img loading=\"lazy\" decoding=\"async\" width=\"600\" height=\"210\" src=\"https:\/\/wellstrim.com\/wp-content\/uploads\/2020\/10\/Adok8.png\" alt=\"\" data-id=\"2644\" data-full-url=\"https:\/\/wellstrim.com\/wp-content\/uploads\/2020\/10\/Adok8.png\" data-link=\"https:\/\/wellstrim.com\/textile-products\/adok8\/#main\" class=\"wp-image-2957\" srcset=\"https:\/\/wellstrim.com\/wp-content\/uploads\/2020\/10\/Adok8.png 600w, https:\/\/wellstrim.com\/wp-content\/uploads\/2020\/10\/Adok8-300x105.png 300w\" sizes=\"auto, (max-width: 600px) 100vw, 600px\" \/><\/figure><\/li><li class=\"blocks-gallery-item\"><figure><img loading=\"lazy\" decoding=\"async\" width=\"600\" height=\"249\" src=\"https:\/\/wellstrim.com\/wp-content\/uploads\/2020\/10\/linauus4.png\" alt=\"\" data-id=\"2637\" data-full-url=\"https:\/\/wellstrim.com\/wp-content\/uploads\/2020\/10\/linauus4.png\" data-link=\"https:\/\/wellstrim.com\/textile-products\/linauus4\/#main\" class=\"wp-image-2951\" srcset=\"https:\/\/wellstrim.com\/wp-content\/uploads\/2020\/10\/linauus4.png 600w, https:\/\/wellstrim.com\/wp-content\/uploads\/2020\/10\/linauus4-300x125.png 300w\" sizes=\"auto, (max-width: 600px) 100vw, 600px\" \/><\/figure><\/li><\/ul><\/figure>\n<\/div><\/div><\/div>\n<\/div>\n<\/div><\/div><\/div>\n<\/div>\n<\/div><\/div>\n\n<p><\/p>\n","protected":false},"excerpt":{"rendered":"","protected":false},"author":1,"featured_media":0,"parent":0,"menu_order":0,"comment_status":"closed","ping_status":"closed","template":"","meta":{"footnotes":""},"class_list":["post-3126","page","type-page","status-publish"],"_links":{"self":[{"href":"https:\/\/wellstrim.com\/de\/wp-json\/wp\/v2\/pages\/3126","targetHints":{"allow":["GET"]}}],"collection":[{"href":"https:\/\/wellstrim.com\/de\/wp-json\/wp\/v2\/pages"}],"about":[{"href":"https:\/\/wellstrim.com\/de\/wp-json\/wp\/v2\/types\/page"}],"author":[{"embeddable":true,"href":"https:\/\/wellstrim.com\/de\/wp-json\/wp\/v2\/users\/1"}],"replies":[{"embeddable":true,"href":"https:\/\/wellstrim.com\/de\/wp-json\/wp\/v2\/comments?post=3126"}],"version-history":[{"count":7,"href":"https:\/\/wellstrim.com\/de\/wp-json\/wp\/v2\/pages\/3126\/revisions"}],"predecessor-version":[{"id":3133,"href":"https:\/\/wellstrim.com\/de\/wp-json\/wp\/v2\/pages\/3126\/revisions\/3133"}],"wp:attachment":[{"href":"https:\/\/wellstrim.com\/de\/wp-json\/wp\/v2\/media?parent=3126"}],"curies":[{"name":"wp","href":"https:\/\/api.w.org\/{rel}","templated":true}]}}