{"id":3105,"date":"2021-01-14T18:52:44","date_gmt":"2021-01-14T17:52:44","guid":{"rendered":"https:\/\/wellstrim.com\/allgemeine-geschaeftsbedingungen\/"},"modified":"2021-01-14T19:01:09","modified_gmt":"2021-01-14T18:01:09","slug":"allgemeine-geschaeftsbedingungen","status":"publish","type":"page","link":"https:\/\/wellstrim.com\/de\/allgemeine-geschaeftsbedingungen\/","title":{"rendered":"ALLGEMEINE GESCH\u00c4FTSBEDINGUNGEN"},"content":{"rendered":"\n<div class=\"gb-container gb-container-e164a62d\"><div class=\"gb-inside-container\">\n<h2 class=\"wp-block-heading\">ALLGEMEINE GESCH\u00c4FTSBEDINGUNGEN<\/h2>\n\n\n\n<ol class=\"wp-block-list\" type=\"1\"><li>BEZAHLUNG UND AUFTRAGSVERGABE<br>1.1 Sofern nichts anderes schriftlich vereinbart ist, erfolgt die Bezahlung der Ware zum Zeitpunkt der Auftragsvergabe. F\u00fcr die \u00fcber einen unserer Vertreter best\u00e4tigten Auftr\u00e4ge soll die Bezahlung auf folgende Weise erfolgen: <br>-50% innerhalb von 7 Tagen ab dem Zeitpunkt der Auftragsbest\u00e4tigung<br>-50% sp\u00e4testens 14 Tage nach Warenlieferung.<br>Beim Zahlungsverzug soll der K\u00e4ufer eine Verwaltungsgeb\u00fchr in H\u00f6he von 100 EUR sowie eine Vertragsstrafe in H\u00f6he von 2% der gesamten Auftragssumme ohne MwSt. f\u00fcr<br>einen Monat zahlen.<br>1.2 Wellstrim kann verzichten, jeglichen Auftrag anzunehmen, oder jeglichen Auftrag oder jegliche Warenlieferung jederzeit zu widerrufen, indem eine schriftliche Benachrichtigung an den K\u00e4ufer gerichtet wird. Wellstrim tr\u00e4gt keine Haftung f\u00fcr Verluste oder Sch\u00e4den, die durch einen solchen Widerruf entstehen. Nur in diesem Fall wird die Behandlung vom R\u00fccklieferungsschein und\/oder R\u00fccksendung nach Ermessen von Wellstrim durchgef\u00fchrt.  <br>1.3 Nachdem der Auftrag versandt wurde, kann er vom K\u00e4ufer nicht mehr widerrufen werden. Alle Verk\u00e4ufe werden endg\u00fcltig. <br>1.4 Alle \u00c4nderungen jegliches Auftrages sollen schriftlich vereinbart werden. Der Gesamtpreis kann sich aufgrund von jeglichen Abweichungen \u00e4ndern, und der K\u00e4ufer verpflichtet sich, jede Erh\u00f6hung zu bezahlen. <br>1.5 Die R\u00fcckzahlung wird nicht geleistet. Wo zutreffend wird ein Kredit geleistet, der f\u00fcr zuk\u00fcnftige Auftr\u00e4ge oder Rechnungen verwendet werden kann. <br>1.6 Die Eigentums\u00fcbergabe erfolgt nach der vollst\u00e4ndigen Bezahlung des Kaufpreises der Ware.<\/li><\/ol>\n\n\n\n<ol class=\"wp-block-list\" type=\"1\" start=\"2\"><li>ABGABEN\/STEUERN\/GEB\u00dcHREN<br>2.1 Der K\u00e4ufer tr\u00e4gt die Verantwortung f\u00fcr alle Export- und Importdokumente, Lizenzen, Abgaben, Steuern oder sonstigen Verpflichtungen oder Kosten, die mit<br>der Warenlieferung verbunden sind.<\/li><\/ol>\n\n\n\n<ol class=\"wp-block-list\" type=\"1\" start=\"3\"><li>WARENVERKAUF UND VOM HERSTELLER EMPFOHLENER EINZELHANDELSPREIS<br>3.1 Sie best\u00e4tigen, dass Sie die Waren nur f\u00fcr Handels- oder Gesch\u00e4ftszwecke kaufen.<br>3.2 Der Weiterverkauf von Wellstrim-Produkten auf den \u00f6ffentlichen Foren wie Amazon.com und Ebay.com ist ausdr\u00fccklich verboten. Der Verk\u00e4ufer hat das Recht, nach eigenem Ermessen zu bestimmen, in welchen \u00f6ffentlichen Foren, falls vorhanden, der K\u00e4ufer den Weiterverkauf durchf\u00fchren kann. <br>3.3 Die Waren sollen zum empfohlenen Einzelhandelspreis (gem\u00e4\u00df<br>Benachrichtigung des Verk\u00e4ufers) verkauft werden, sofern die Waren nicht im Rahmen einer Werbeaktion oder auf \u00e4hnliche Weise verkauft werden.<\/li><\/ol>\n\n\n\n<ol class=\"wp-block-list\" type=\"1\" start=\"4\"><li>LIEFERUNG UND RISIKEN<br>4.1 Lieferungsbedingungen<br>Sofern nichts anderes schriftlich vereinbart ist, haften Sie f\u00fcr die Warentransportkosten aus Wellstrim-R\u00e4umen. Der \u00dcbergang des Risikos bez\u00fcglich der Waren erfolgt, wenn die Waren dem Transportunternehmen zur Verf\u00fcgung gestellt werden. Sie haften f\u00fcr die Erhaltung der Versicherung bez\u00fcglich der Waren ab dem Zeitpunkt ihrer \u00dcbergabe am Ablieferungsort (Transportunternehmen).  <br>Die Aktionen f\u00fcr kostenlose Lieferung und\/oder Rabatt-Coupons f\u00fcr die Stammeinzelkunden gelten nicht f\u00fcr die Gro\u00dfauftr\u00e4ge.<\/li><\/ol>\n\n\n\n<ol class=\"wp-block-list\" type=\"1\" start=\"5\"><li>BENACHRICHTIGUNG \u00dcBER DEFEKTE\/R\u00dcCKGABE<br>5.1 Der K\u00e4ufer soll innerhalb von den ersten 7 Tagen nach Erhalt der Ware Anspruch gegen Defekte, unter anderem gegen Defekte in Verbindung mit Mangel, Qualit\u00e4t oder Spezifikation geltend machen. Der Verk\u00e4ufer soll nicht f\u00fcr den Mangel haften, wenn die Ware an einen Dritten gesendet wurde. Der K\u00e4ufer soll beim Erhalt \u00fcberpr\u00fcfen, dass alle gelieferten Waren den bestellten Waren\/ausgestellten Rechnungen entsprechen.  <br>5.2 Wenn ein Teil des Auftrages verz\u00f6gert wird oder ein Teil des Auftrages besch\u00e4digt oder unvollst\u00e4ndig ist, kann der Auftrag nur f\u00fcr diesen Teil des Auftrages korrigiert werden.<\/li><\/ol>\n\n\n\n<ol class=\"wp-block-list\" type=\"1\" start=\"6\"><li>DIE ANNAHME VON WAREN MIT BEKANNTEN DEFEKTEN IST EIN VERZICHT AUF DIE SCHADENSERSATZANSPR\u00dcCHE<br>6.1 Der K\u00e4ufer verzichtet hiermit auf jegliche Schadensersatzanspr\u00fcche, die sich aus einem dem K\u00e4ufer bekannten Defekt einschlie\u00dflich des Lieferverzugs ergeben, wenn der K\u00e4ufer die Ware annimmt.<\/li><\/ol>\n\n\n\n<ol class=\"wp-block-list\" type=\"1\" start=\"7\"><li>R\u00dcCKGABE<br>7.1 Der K\u00e4ufer soll beim Erhalt \u00fcberpr\u00fcfen, dass alle gelieferten Waren den gekauften Waren und ausgestellten Rechnungen genau entsprechen.<br>7.2 Die vom K\u00e4ufer durch Engrosverkauf gemachten Eink\u00e4ufe unterliegen der R\u00fcckgabe nicht, soweit nichts anderes vereinbart ist. Unter bestimmten Voraussetzungen kann ein nicht verwendetes Produkt der ungen\u00fcgenden Qualit\u00e4t und in der Originalverpackung mit allen Etiketten umgetauscht werden. Es wird in Granny\u2019s Finest Ermessen gestellt, ob die bestimmten Waren umtauschbar sind. Alle Umtausche sollen innerhalb von 7 Tagen nach der Warenlieferung initiiert werden.    7.3 Im Falle eines Warenumtauschs tr\u00e4gt der K\u00e4ufer alle Transportkosten, sowohl f\u00fcr die R\u00fccksendung der Ware an den Verk\u00e4ufer als auch f\u00fcr die Lieferung der neuen Ware an den K\u00e4ufer. Der K\u00e4ufer erlaubt dem Verk\u00e4ufer, jegliche Kleidung zu verkaufen, die umgetauscht, abgelehnt oder zur\u00fcckgewiesen wurde. <\/li><\/ol>\n\n\n\n<ol class=\"wp-block-list\" type=\"1\" start=\"8\"><li>\u00c4NDERUNG DER WAREN<br>8.1 Wenn Sie die Ware \u00e4ndern, kann diese nicht mehr zur\u00fcckgegeben oder umgetauscht werden. Nachdem die Ware gef\u00e4rbt, gewaschen oder in irgendeiner Weise ver\u00e4ndert wurde, kann der K\u00e4ufer diese Ware nicht zur\u00fcckgeben oder keine Anspr\u00fcche gegen solche Ware geltend machen. <\/li><\/ol>\n\n\n\n<ol class=\"wp-block-list\" type=\"1\" start=\"9\"><li>MUSTER UND BILDER<br>9.1 Sofern nichts anderes schriftlich angegeben ist, \u00fcbernimmt Wellstrim keine Garantie daf\u00fcr, dass die Qualit\u00e4t, das Gewicht, Design oder die Farbe der Waren einer bestimmten Beschreibung, einem bestimmten Bild oder Muster entsprechen sollen.<\/li><\/ol>\n\n\n\n<ol type=\"1\" start=\"10\"><li>HAFTUNG<br>10.1 Der Verk\u00e4ufer haftet nicht:\n<ul>\n<li>wenn Sie die Waren ge\u00e4ndert oder modifiziert, die Waren falsch angewendet, die Anweisungen des Verk\u00e4ufers in Bezug auf die Waren nicht befolgt oder die Waren einer ungew\u00f6hnlichen oder nicht empfohlenen Verwendung oder Behandlung ausgesetzt haben;\n<\/li>\n<li>f\u00fcr Defekte jeglicher Waren, die von Dritten hergestellt wurden;<\/li>\n<li>f\u00fcr Verluste oder Sch\u00e4den, die ganz oder teilweise durch jegliche Faktoren verursacht wurden, die nicht unter unserer Gewalt stehen, unter anderem jegliche Verluste, die durch Verz\u00f6gerungen bei der Herstellung oder Lieferung der Waren entstehen;\n<\/li>\n<li>f\u00fcr alle indirekten oder Folgesch\u00e4den jeglicher Art<\/li>\n<\/ul>\n<\/li>\n<\/ol>\n\n\n\n<ol class=\"wp-block-list\" type=\"1\" start=\"11\"><li>VERZICHT AUF STILLSCHWEIGENDE GEW\u00c4HRLEISTUNGEN<br>11.1 Soweit dies nach geltenden Gesetzen zul\u00e4ssig ist und jegliche Rechtsgrundlagen f\u00fcr die Anspr\u00fcche respektiert werden, \u00dcBERNIMMT der Verk\u00e4ufer KEINE HAFTUNG f\u00fcr die Qualit\u00e4t jeglicher Waren oder f\u00fcr alle direkten oder indirekten Verluste wegen Gesch\u00e4ftsunterbrechen, indirekten Verluste, Gewinnverlust oder sonstigen Verluste.<br>Es gibt keine stillschweigenden Gew\u00e4hrleistungen f\u00fcr die vom Verk\u00e4ufer verkauften Waren. In jedem Fall entspricht die maximale Haftung der Bezahlung f\u00fcr den versp\u00e4teten oder defekten Teil des Auftrages vom Verk\u00e4ufer an den K\u00e4ufer. <\/li><\/ol>\n\n\n\n<ol class=\"wp-block-list\" type=\"1\" start=\"12\"><li>VERSCHLECHTERUNG DER KREDITW\u00dcRDIGKEIT DES K\u00c4UFERS<br>12.1 Seller has the right, in addition to other Remedies provided by law, to terminate any delivery or suspend further deliveries of other shipments in the event the Buyer fails to pay for any one shipment when the same becomes due. Should Buyer\u2019s financial condition become unsatisfactory to Seller, Seller may require cash payments or satisfactory securities for delivery of goods. <br>12.2 Wellstrim hat das Recht, den vorliegenden Vertrag durch schriftliche Benachrichtigung sofort zu k\u00fcndigen, wenn Sie: <ul><li>die schriftliche Benachrichtigung des Verk\u00e4ufers, die auf den Vertragsbruch hinweist, den Sie innerhalb von 14 Tagen korrigieren sollten, nicht befolgt haben;<\/li><li>als nat\u00fcrliche Person bankrott werden;<\/li><li>als Unternehmen einem Liquidations- oder Konkursverfahren unterliegen.<\/li><\/ul><\/li><\/ol>\n\n\n\n<p>           Nach der Vertragsk\u00fcndigung hat der Verk\u00e4ufer das Recht, \u00fcber die Ware nach eigenem Ermessen zu verf\u00fcgen.<\/p>\n\n\n\n<ol class=\"wp-block-list\" type=\"1\" start=\"13\"><li>\u00c4NDERUNGEN UND ERG\u00c4NZUNGEN<br>13.1 Wellstrim kann die vorliegenden Bedingungen von Zeit zu Zeit \u00e4ndern oder ersetzen. Jeglicher Auftrag, der nach solchen \u00c4nderungen vergeben wird, bedeutet, dass Sie einverstanden sind, die ge\u00e4nderten Bestimmungen und Bedingungen zu beachten. <\/li><\/ol>\n\n\n\n<p>ZUSTIMMUNG UND BEST\u00c4TIGUNG<br>Der K\u00e4ufer hat die vorliegenden Gro\u00dfhandelsbedingungen sorgf\u00e4ltig gelesen und ist damit einverstanden, was durch einen einfachen Warenauftragsakt best\u00e4tigt wird. Wenn jegliche Bedingung, Bestimmung oder Anforderung des vorliegenden Vertrages von einem zust\u00e4ndigen Gericht ung\u00fcltig, unausf\u00fchrbar oder nicht klagbar erkl\u00e4rt wird, bleiben die \u00fcbrigen Bedingungen und Bestimmungen des vorliegenden Vertrages in Kraft und werden auf keinen Fall betroffen, eingeschr\u00e4nkt oder ung\u00fcltig erkl\u00e4rt. <\/p>\n\n\n\n<p>Die Anfragen bez\u00fcglich Gro\u00dfeink\u00e4ufe senden Sie uns bitte per E-Mail: <a href=\"mailto:info@wellstrim.com\">info@wellstrim.com<\/a><\/p>\n<\/div><\/div>\n","protected":false},"excerpt":{"rendered":"","protected":false},"author":1,"featured_media":0,"parent":0,"menu_order":0,"comment_status":"closed","ping_status":"open","template":"","meta":{"footnotes":""},"class_list":["post-3105","page","type-page","status-publish"],"_links":{"self":[{"href":"https:\/\/wellstrim.com\/de\/wp-json\/wp\/v2\/pages\/3105","targetHints":{"allow":["GET"]}}],"collection":[{"href":"https:\/\/wellstrim.com\/de\/wp-json\/wp\/v2\/pages"}],"about":[{"href":"https:\/\/wellstrim.com\/de\/wp-json\/wp\/v2\/types\/page"}],"author":[{"embeddable":true,"href":"https:\/\/wellstrim.com\/de\/wp-json\/wp\/v2\/users\/1"}],"replies":[{"embeddable":true,"href":"https:\/\/wellstrim.com\/de\/wp-json\/wp\/v2\/comments?post=3105"}],"version-history":[{"count":13,"href":"https:\/\/wellstrim.com\/de\/wp-json\/wp\/v2\/pages\/3105\/revisions"}],"predecessor-version":[{"id":3118,"href":"https:\/\/wellstrim.com\/de\/wp-json\/wp\/v2\/pages\/3105\/revisions\/3118"}],"wp:attachment":[{"href":"https:\/\/wellstrim.com\/de\/wp-json\/wp\/v2\/media?parent=3105"}],"curies":[{"name":"wp","href":"https:\/\/api.w.org\/{rel}","templated":true}]}}