{"id":3058,"date":"2021-01-14T18:38:05","date_gmt":"2021-01-14T17:38:05","guid":{"rendered":"https:\/\/wellstrim.com\/logistik\/"},"modified":"2021-01-14T18:38:09","modified_gmt":"2021-01-14T17:38:09","slug":"logistik","status":"publish","type":"page","link":"https:\/\/wellstrim.com\/de\/logistik\/","title":{"rendered":"LOGISTIK"},"content":{"rendered":"\n<div class=\"gb-container gb-container-65632fe9\"><div class=\"gb-inside-container\">\n<div class=\"gb-grid-wrapper gb-grid-wrapper-35a16a77\">\n<div class=\"gb-grid-column gb-grid-column-58e20e84\"><div class=\"gb-container gb-container-58e20e84\"><div class=\"gb-inside-container\">\n<div class=\"gb-grid-wrapper gb-grid-wrapper-8f0ce2eb\">\n<div class=\"gb-grid-column gb-grid-column-dda8af02\"><div class=\"gb-container gb-container-dda8af02\"><div class=\"gb-inside-container\">\n<figure class=\"wp-block-image size-full is-resized\"><img loading=\"lazy\" decoding=\"async\" src=\"https:\/\/wellstrim.com\/wp-content\/uploads\/2020\/10\/logistic_service.png\" alt=\"\" class=\"wp-image-2961\" width=\"600\" height=\"400\"\/><\/figure>\n<\/div><\/div><\/div>\n<\/div>\n<\/div><\/div><\/div>\n\n\n\n<div class=\"gb-grid-column gb-grid-column-6bbd563e\"><div class=\"gb-container gb-container-6bbd563e\"><div class=\"gb-inside-container\">\n<div class=\"gb-headline-wrapper gb-headline-wrapper-1d18418b\"><span class=\"gb-icon\"><svg xmlns:xlink=\"http:\/\/www.w3.org\/1999\/xlink\" xmlns=\"http:\/\/www.w3.org\/2000\/svg\" xml:space=\"preserve\" style=\"enable-background:new 0 0 60 4.688;\" viewbox=\"0 0 60 4.688\" y=\"0px\" x=\"0px\" id=\"Capa_1\" version=\"1.1\"> <g> \t<g> \t\t<path d=\"M57.656,0H2.344C1.049,0,0,1.049,0,2.344c0,1.294,1.049,2.344,2.344,2.344h55.312C58.951,4.688,60,3.638,60,2.344 S58.951,0,57.656,0z\"><\/path> \t<\/g> <\/g> <\/svg><\/span><h2 class=\"gb-headline gb-headline-1d18418b\">LOGISTIK<\/h2><\/div>\n\n\n\n<p>Die umfangreiche Erfahrung, die unser Team gesammelt hat, hilft bei der Durchf\u00fchrung von h\u00f6chst effektiven digitalen Marketingkampagnen, die eine ausgezeichnete Investitionsrentabilit\u00e4t und eine st\u00e4ndige \u00dcbererf\u00fcllung der Kundenziele und -aufgaben sichern. Unser Hauptziel ist es, die effektivsten Methoden der Zusammenarbeit mit Ihren Kunden, K\u00e4ufern und Zielkunden zu finden, eine gr\u00f6\u00dfere Anzahl von relevanten Besuchern auf Ihren Websites und digitalen Plattformen zu gewinnen sowie Zielkunden in Stammkunden umzuwandeln.<\/p>\n\n\n\n<p>Kontaktieren Sie uns bitte f\u00fcr weitere Informationen \u00fcber Dienstleistungsverzeichnis.<\/p>\n\n\n\n<div class=\"gb-button-wrapper gb-button-wrapper-ad288d2b\">\n<a class=\"gb-button gb-button-11bc2534\" href=\"https:\/\/wellstrim.com\/de\/contacts\/\"><span class=\"button-text\">Kontaktieren Sie uns<\/span><\/a>\n<\/div>\n<\/div><\/div><\/div>\n<\/div>\n<\/div><\/div>\n\n<p><\/p>\n","protected":false},"excerpt":{"rendered":"","protected":false},"author":1,"featured_media":0,"parent":0,"menu_order":0,"comment_status":"closed","ping_status":"closed","template":"","meta":{"footnotes":""},"class_list":["post-3058","page","type-page","status-publish"],"_links":{"self":[{"href":"https:\/\/wellstrim.com\/de\/wp-json\/wp\/v2\/pages\/3058","targetHints":{"allow":["GET"]}}],"collection":[{"href":"https:\/\/wellstrim.com\/de\/wp-json\/wp\/v2\/pages"}],"about":[{"href":"https:\/\/wellstrim.com\/de\/wp-json\/wp\/v2\/types\/page"}],"author":[{"embeddable":true,"href":"https:\/\/wellstrim.com\/de\/wp-json\/wp\/v2\/users\/1"}],"replies":[{"embeddable":true,"href":"https:\/\/wellstrim.com\/de\/wp-json\/wp\/v2\/comments?post=3058"}],"version-history":[{"count":9,"href":"https:\/\/wellstrim.com\/de\/wp-json\/wp\/v2\/pages\/3058\/revisions"}],"predecessor-version":[{"id":3067,"href":"https:\/\/wellstrim.com\/de\/wp-json\/wp\/v2\/pages\/3058\/revisions\/3067"}],"wp:attachment":[{"href":"https:\/\/wellstrim.com\/de\/wp-json\/wp\/v2\/media?parent=3058"}],"curies":[{"name":"wp","href":"https:\/\/api.w.org\/{rel}","templated":true}]}}