{"id":3048,"date":"2021-01-14T18:36:36","date_gmt":"2021-01-14T17:36:36","guid":{"rendered":"https:\/\/wellstrim.com\/industrieausruestung\/"},"modified":"2021-01-14T18:36:37","modified_gmt":"2021-01-14T17:36:37","slug":"industrieausruestung","status":"publish","type":"page","link":"https:\/\/wellstrim.com\/de\/industrieausruestung\/","title":{"rendered":"INDUSTRIEAUSR\u00dcSTUNG"},"content":{"rendered":"\n<div class=\"gb-container gb-container-65632fe9\"><div class=\"gb-inside-container\">\n<div class=\"gb-grid-wrapper gb-grid-wrapper-35a16a77\">\n<div class=\"gb-grid-column gb-grid-column-6bbd563e\"><div class=\"gb-container gb-container-6bbd563e\"><div class=\"gb-inside-container\">\n<div class=\"gb-headline-wrapper gb-headline-wrapper-1d18418b\"><span class=\"gb-icon\"><svg xmlns:xlink=\"http:\/\/www.w3.org\/1999\/xlink\" xmlns=\"http:\/\/www.w3.org\/2000\/svg\" xml:space=\"preserve\" style=\"enable-background:new 0 0 60 4.688;\" viewbox=\"0 0 60 4.688\" y=\"0px\" x=\"0px\" id=\"Capa_1\" version=\"1.1\"> <g> \t<g> \t\t<path d=\"M57.656,0H2.344C1.049,0,0,1.049,0,2.344c0,1.294,1.049,2.344,2.344,2.344h55.312C58.951,4.688,60,3.638,60,2.344 S58.951,0,57.656,0z\"><\/path> \t<\/g> <\/g> <\/svg><\/span><h2 class=\"gb-headline gb-headline-1d18418b\">INDUSTRIEAUSR\u00dcSTUNG<\/h2><\/div>\n\n\n\n<p>Wir k\u00f6nnen Ihnen ein volles Sortiment an H\u00e4mmern, Schraubenziehern, Bohrmaschinen, Handwerkzeugen, Elektrowerkzeugen, Ausr\u00fcstung und vieles andere anbieten. Wir haben auch eine Reihe von Werkzeugen zum Schwei\u00dfen und L\u00f6ten, Messen, Spannen und Schneiden.<\/p>\n\n\n\n<p><\/p>\n\n\n\n<p>Kontaktieren Sie uns bitte f\u00fcr weitere Informationen \u00fcber Produktliste.<\/p>\n\n\n\n<div class=\"gb-button-wrapper gb-button-wrapper-ad288d2b\">\n<a class=\"gb-button gb-button-11bc2534\" href=\"https:\/\/wellstrim.com\/de\/contacts\/\"><span class=\"button-text\">Kontaktieren Sie uns<\/span><\/a>\n<\/div>\n<\/div><\/div><\/div>\n\n\n\n<div class=\"gb-grid-column gb-grid-column-58e20e84\"><div class=\"gb-container gb-container-58e20e84\"><div class=\"gb-inside-container\">\n<div class=\"gb-grid-wrapper gb-grid-wrapper-8f0ce2eb\">\n<div class=\"gb-grid-column gb-grid-column-dda8af02\"><div class=\"gb-container gb-container-dda8af02\"><div class=\"gb-inside-container\">\n<figure class=\"wp-block-gallery columns-2 is-cropped wp-block-gallery-1 is-layout-flex wp-block-gallery-is-layout-flex\"><ul class=\"blocks-gallery-grid\"><li class=\"blocks-gallery-item\"><figure><img loading=\"lazy\" decoding=\"async\" width=\"600\" height=\"300\" src=\"https:\/\/wellstrim.com\/wp-content\/uploads\/2020\/10\/skil4.png\" alt=\"\" data-id=\"2621\" data-full-url=\"https:\/\/wellstrim.com\/wp-content\/uploads\/2020\/10\/skil4.png\" data-link=\"https:\/\/wellstrim.com\/?attachment_id=2621#main\" class=\"wp-image-2937\" srcset=\"https:\/\/wellstrim.com\/wp-content\/uploads\/2020\/10\/skil4.png 600w, https:\/\/wellstrim.com\/wp-content\/uploads\/2020\/10\/skil4-300x150.png 300w\" sizes=\"auto, (max-width: 600px) 100vw, 600px\" \/><\/figure><\/li><li class=\"blocks-gallery-item\"><figure><img loading=\"lazy\" decoding=\"async\" width=\"600\" height=\"291\" src=\"https:\/\/wellstrim.com\/wp-content\/uploads\/2020\/10\/lista3.png\" alt=\"\" data-id=\"2624\" data-full-url=\"https:\/\/wellstrim.com\/wp-content\/uploads\/2020\/10\/lista3.png\" data-link=\"https:\/\/wellstrim.com\/?attachment_id=2624#main\" class=\"wp-image-2943\" srcset=\"https:\/\/wellstrim.com\/wp-content\/uploads\/2020\/10\/lista3.png 600w, https:\/\/wellstrim.com\/wp-content\/uploads\/2020\/10\/lista3-300x146.png 300w\" sizes=\"auto, (max-width: 600px) 100vw, 600px\" \/><\/figure><\/li><li class=\"blocks-gallery-item\"><figure><img loading=\"lazy\" decoding=\"async\" width=\"600\" height=\"300\" src=\"https:\/\/wellstrim.com\/wp-content\/uploads\/2020\/10\/ingersoll1.png\" alt=\"\" data-id=\"2631\" data-full-url=\"https:\/\/wellstrim.com\/wp-content\/uploads\/2020\/10\/ingersoll1.png\" data-link=\"https:\/\/wellstrim.com\/industrial-equipment\/ingersoll1\/#main\" class=\"wp-image-2947\" srcset=\"https:\/\/wellstrim.com\/wp-content\/uploads\/2020\/10\/ingersoll1.png 600w, https:\/\/wellstrim.com\/wp-content\/uploads\/2020\/10\/ingersoll1-300x150.png 300w\" sizes=\"auto, (max-width: 600px) 100vw, 600px\" \/><\/figure><\/li><li class=\"blocks-gallery-item\"><figure><img loading=\"lazy\" decoding=\"async\" width=\"600\" height=\"291\" src=\"https:\/\/wellstrim.com\/wp-content\/uploads\/2020\/10\/snap_on5.png\" alt=\"\" data-id=\"2623\" data-full-url=\"https:\/\/wellstrim.com\/wp-content\/uploads\/2020\/10\/snap_on5.png\" data-link=\"https:\/\/wellstrim.com\/?attachment_id=2623#main\" class=\"wp-image-2941\" srcset=\"https:\/\/wellstrim.com\/wp-content\/uploads\/2020\/10\/snap_on5.png 600w, https:\/\/wellstrim.com\/wp-content\/uploads\/2020\/10\/snap_on5-300x146.png 300w\" sizes=\"auto, (max-width: 600px) 100vw, 600px\" \/><\/figure><\/li><li class=\"blocks-gallery-item\"><figure><img loading=\"lazy\" decoding=\"async\" width=\"600\" height=\"286\" src=\"https:\/\/wellstrim.com\/wp-content\/uploads\/2020\/10\/stahlwille6.png\" alt=\"\" data-id=\"2622\" data-full-url=\"https:\/\/wellstrim.com\/wp-content\/uploads\/2020\/10\/stahlwille6.png\" data-link=\"https:\/\/wellstrim.com\/?attachment_id=2622#main\" class=\"wp-image-2939\" srcset=\"https:\/\/wellstrim.com\/wp-content\/uploads\/2020\/10\/stahlwille6.png 600w, https:\/\/wellstrim.com\/wp-content\/uploads\/2020\/10\/stahlwille6-300x143.png 300w\" sizes=\"auto, (max-width: 600px) 100vw, 600px\" \/><\/figure><\/li><li class=\"blocks-gallery-item\"><figure><img loading=\"lazy\" decoding=\"async\" width=\"600\" height=\"293\" src=\"https:\/\/wellstrim.com\/wp-content\/uploads\/2020\/10\/gedore2.png\" alt=\"\" data-id=\"2626\" data-full-url=\"https:\/\/wellstrim.com\/wp-content\/uploads\/2020\/10\/gedore2.png\" data-link=\"https:\/\/wellstrim.com\/?attachment_id=2626#main\" class=\"wp-image-2945\" srcset=\"https:\/\/wellstrim.com\/wp-content\/uploads\/2020\/10\/gedore2.png 600w, https:\/\/wellstrim.com\/wp-content\/uploads\/2020\/10\/gedore2-300x147.png 300w\" sizes=\"auto, (max-width: 600px) 100vw, 600px\" \/><\/figure><\/li><\/ul><\/figure>\n<\/div><\/div><\/div>\n<\/div>\n<\/div><\/div><\/div>\n<\/div>\n<\/div><\/div>\n\n<p><\/p>\n","protected":false},"excerpt":{"rendered":"","protected":false},"author":1,"featured_media":0,"parent":0,"menu_order":0,"comment_status":"closed","ping_status":"closed","template":"","meta":{"footnotes":""},"class_list":["post-3048","page","type-page","status-publish"],"_links":{"self":[{"href":"https:\/\/wellstrim.com\/de\/wp-json\/wp\/v2\/pages\/3048","targetHints":{"allow":["GET"]}}],"collection":[{"href":"https:\/\/wellstrim.com\/de\/wp-json\/wp\/v2\/pages"}],"about":[{"href":"https:\/\/wellstrim.com\/de\/wp-json\/wp\/v2\/types\/page"}],"author":[{"embeddable":true,"href":"https:\/\/wellstrim.com\/de\/wp-json\/wp\/v2\/users\/1"}],"replies":[{"embeddable":true,"href":"https:\/\/wellstrim.com\/de\/wp-json\/wp\/v2\/comments?post=3048"}],"version-history":[{"count":3,"href":"https:\/\/wellstrim.com\/de\/wp-json\/wp\/v2\/pages\/3048\/revisions"}],"predecessor-version":[{"id":3051,"href":"https:\/\/wellstrim.com\/de\/wp-json\/wp\/v2\/pages\/3048\/revisions\/3051"}],"wp:attachment":[{"href":"https:\/\/wellstrim.com\/de\/wp-json\/wp\/v2\/media?parent=3048"}],"curies":[{"name":"wp","href":"https:\/\/api.w.org\/{rel}","templated":true}]}}