{"id":2995,"date":"2021-01-14T18:25:54","date_gmt":"2021-01-14T17:25:54","guid":{"rendered":"https:\/\/wellstrim.com\/ueber-uns\/"},"modified":"2021-01-14T18:25:58","modified_gmt":"2021-01-14T17:25:58","slug":"ueber-uns","status":"publish","type":"page","link":"https:\/\/wellstrim.com\/de\/ueber-uns\/","title":{"rendered":"\u00dcber uns"},"content":{"rendered":"\n<div class=\"gb-container gb-container-e3803258\"><div class=\"gb-inside-container\">\n<div class=\"gb-grid-wrapper gb-grid-wrapper-cc599e71\">\n<div class=\"gb-grid-column gb-grid-column-54f4e20d\"><div class=\"gb-container gb-container-54f4e20d\"><div class=\"gb-inside-container\">\n<div class=\"wp-block-image\"><figure class=\"aligncenter size-full is-resized\"><img loading=\"lazy\" decoding=\"async\" src=\"https:\/\/wellstrim.com\/wp-content\/uploads\/2020\/10\/image_main.png\" alt=\"\" class=\"wp-image-2871\" width=\"362\" height=\"224\" srcset=\"https:\/\/wellstrim.com\/wp-content\/uploads\/2020\/10\/image_main.png 362w, https:\/\/wellstrim.com\/wp-content\/uploads\/2020\/10\/image_main-300x186.png 300w\" sizes=\"auto, (max-width: 362px) 100vw, 362px\" \/><\/figure><\/div>\n<\/div><\/div><\/div>\n\n\n\n<div class=\"gb-grid-column gb-grid-column-e32cf558\"><div class=\"gb-container gb-container-e32cf558\"><div class=\"gb-inside-container\">\n<h2 class=\"gb-headline gb-headline-c47916d8\"><strong>Wellstrim<\/strong> <strong>DENKT GLOBAL<\/strong><\/h2>\n\n\n\n<p>Wellstrim ist ein Gro\u00dfh\u00e4ndler, der Logistik- und Verwaltungsprozesse in einem einzigen System vereint. Unser Serviceangebot eignet sich f\u00fcr kleine und gro\u00dfe Unternehmen in jeder Branche.<\/p>\n\n\n\n<p>Dank unserem Verst\u00e4ndnis von Gesch\u00e4ftsprozessen im Bereich der Einlagerung und Distribution bieten wir die besten L\u00f6sungen an, um die Produktivit\u00e4t der Lieferung zu erh\u00f6hen. Au\u00dferdem k\u00f6nnen Sie und Ihre Kunden den gesamten Prozess vom Anfang bis zum Ende verfolgen.<\/p>\n<\/div><\/div><\/div>\n<\/div>\n<\/div><\/div>\n\n<div id=\"services\" class=\"gb-container gb-container-bc6c644d\"><div class=\"gb-inside-container\">\n<div class=\"gb-headline-wrapper gb-headline-wrapper-fef5bd90\"><span class=\"gb-icon\"><svg xmlns:xlink=\"http:\/\/www.w3.org\/1999\/xlink\" xmlns=\"http:\/\/www.w3.org\/2000\/svg\" xml:space=\"preserve\" style=\"enable-background:new 0 0 60 4.688;\" viewbox=\"0 0 60 4.688\" y=\"0px\" x=\"0px\" id=\"Capa_1\" version=\"1.1\"> <g> \t<g> \t\t<path d=\"M57.656,0H2.344C1.049,0,0,1.049,0,2.344c0,1.294,1.049,2.344,2.344,2.344h55.312C58.951,4.688,60,3.638,60,2.344 S58.951,0,57.656,0z\"><\/path> \t<\/g> <\/g> <\/svg><\/span><h2 class=\"gb-headline gb-headline-fef5bd90\">UNSERE <strong><strong><strong>LEITUNG<\/strong><\/strong><\/strong><\/h2><\/div>\n\n\n\n<div class=\"gb-grid-wrapper gb-grid-wrapper-75991431\">\n<div class=\"gb-grid-column gb-grid-column-4462b304\"><div class=\"gb-container gb-container-4462b304\"><div class=\"gb-inside-container\">\n<div class=\"wp-block-image is-style-default\"><figure class=\"aligncenter size-large is-resized\"><img loading=\"lazy\" decoding=\"async\" src=\"https:\/\/wellstrim.com\/wp-content\/uploads\/2020\/10\/kirill.jpg\" alt=\"\" class=\"wp-image-2975\" width=\"211\" height=\"282\" srcset=\"https:\/\/wellstrim.com\/wp-content\/uploads\/2020\/10\/kirill.jpg 406w, https:\/\/wellstrim.com\/wp-content\/uploads\/2020\/10\/kirill-225x300.jpg 225w\" sizes=\"auto, (max-width: 211px) 100vw, 211px\" \/><\/figure><\/div>\n<\/div><\/div><\/div>\n\n\n\n<div class=\"gb-grid-column gb-grid-column-fd42c69f\"><div class=\"gb-container gb-container-fd42c69f\"><div class=\"gb-inside-container\">\n<h3 class=\"wp-block-heading\"> Kirill Prokoshin<\/h3>\n\n\n\n<p>Kirill Prokoshin ist ein erfahrener Manager im Bereich des Gro\u00dfhandels. In den letzten Jahren, nachdem er unserem Unternehmen angeschlossen hat, hat sich Wellstrim von einem kleinen Unternehmen zu einem der gr\u00f6\u00dften Gro\u00dfh\u00e4ndler entwickelt.<\/p>\n\n\n\n<p>Kirill hat bei Wellstrim Karriere gemacht, indem er fast in allen Gesch\u00e4ftsbereichen, einschlie\u00dflich Einlagerung, Ablieferung, Merchandising, Marketing und Handel gearbeitet hat. Er widmet sich jetzt der Erstellung von ausgezeichneten Optimierungsprogrammen der neuesten Verbrauchertrends f\u00fcr unsere Kunden. Kirill als Leiter einer der gr\u00f6\u00dften Abteilungen strebt danach, dass jede Person die M\u00f6glichkeit h\u00e4tte, sich selbst zu verwirklichen, und dass Ehrlichkeit und Transparenz das t\u00e4gliche Bindeglied in einem talentierten, allseitigen und vielf\u00e4ltigen Team w\u00e4ren.<\/p>\n<\/div><\/div><\/div>\n<\/div>\n<\/div><\/div>\n","protected":false},"excerpt":{"rendered":"","protected":false},"author":1,"featured_media":0,"parent":0,"menu_order":0,"comment_status":"closed","ping_status":"closed","template":"","meta":{"footnotes":""},"class_list":["post-2995","page","type-page","status-publish"],"_links":{"self":[{"href":"https:\/\/wellstrim.com\/de\/wp-json\/wp\/v2\/pages\/2995","targetHints":{"allow":["GET"]}}],"collection":[{"href":"https:\/\/wellstrim.com\/de\/wp-json\/wp\/v2\/pages"}],"about":[{"href":"https:\/\/wellstrim.com\/de\/wp-json\/wp\/v2\/types\/page"}],"author":[{"embeddable":true,"href":"https:\/\/wellstrim.com\/de\/wp-json\/wp\/v2\/users\/1"}],"replies":[{"embeddable":true,"href":"https:\/\/wellstrim.com\/de\/wp-json\/wp\/v2\/comments?post=2995"}],"version-history":[{"count":9,"href":"https:\/\/wellstrim.com\/de\/wp-json\/wp\/v2\/pages\/2995\/revisions"}],"predecessor-version":[{"id":3004,"href":"https:\/\/wellstrim.com\/de\/wp-json\/wp\/v2\/pages\/2995\/revisions\/3004"}],"wp:attachment":[{"href":"https:\/\/wellstrim.com\/de\/wp-json\/wp\/v2\/media?parent=2995"}],"curies":[{"name":"wp","href":"https:\/\/api.w.org\/{rel}","templated":true}]}}